
 

{"id":16,"date":"2024-04-09T22:29:16","date_gmt":"2024-04-09T22:29:16","guid":{"rendered":"https:\/\/www.toneleriaherfe.com\/?page_id=16"},"modified":"2024-07-31T07:34:04","modified_gmt":"2024-07-31T07:34:04","slug":"otros-productos","status":"publish","type":"page","link":"http:\/\/www.toneleriaherfe.com\/fr\/otros-productos\/","title":{"rendered":"Autres produits"},"content":{"rendered":"<div data-elementor-type=\"wp-page\" data-elementor-id=\"16\" class=\"elementor elementor-16\" data-elementor-post-type=\"page\">\n\t\t\t\t<div class=\"elementor-element elementor-element-5b86a7d e-flex e-con-boxed e-con e-parent\" data-id=\"5b86a7d\" data-element_type=\"container\" data-e-type=\"container\" data-settings=\"{&quot;background_background&quot;:&quot;classic&quot;}\">\n\t\t\t\t\t<div class=\"e-con-inner\">\n\t\t<div class=\"elementor-element elementor-element-4d18b05 e-con-full e-flex elementor-invisible e-con e-child\" data-id=\"4d18b05\" data-element_type=\"container\" data-e-type=\"container\" data-settings=\"{&quot;animation&quot;:&quot;fadeInUp&quot;}\">\n\t\t\t\t<div class=\"elementor-element elementor-element-577d208 elementor-widget elementor-widget-heading\" data-id=\"577d208\" data-element_type=\"widget\" data-e-type=\"widget\" data-widget_type=\"heading.default\">\n\t\t\t\t<div class=\"elementor-widget-container\">\n\t\t\t\t\t<h1 class=\"elementor-heading-title elementor-size-default\">Autres produits<\/h1>\t\t\t\t<\/div>\n\t\t\t\t<\/div>\n\t\t\t\t<\/div>\n\t\t\t\t\t<\/div>\n\t\t\t\t<\/div>\n\t\t<div class=\"elementor-element elementor-element-46ea80a e-flex e-con-boxed e-con e-parent\" data-id=\"46ea80a\" data-element_type=\"container\" data-e-type=\"container\" data-settings=\"{&quot;background_background&quot;:&quot;classic&quot;}\">\n\t\t\t\t\t<div class=\"e-con-inner\">\n\t\t<div class=\"elementor-element elementor-element-15309e5 e-con-full e-flex e-con e-child\" data-id=\"15309e5\" data-element_type=\"container\" data-e-type=\"container\">\n\t\t<div class=\"elementor-element elementor-element-019ebea e-flex e-con-boxed elementor-invisible e-con e-child\" data-id=\"019ebea\" data-element_type=\"container\" data-e-type=\"container\" data-settings=\"{&quot;animation&quot;:&quot;fadeIn&quot;}\">\n\t\t\t\t\t<div class=\"e-con-inner\">\n\t\t\t\t<div class=\"elementor-element elementor-element-11b13de elementor-widget elementor-widget-heading\" data-id=\"11b13de\" data-element_type=\"widget\" data-e-type=\"widget\" data-widget_type=\"heading.default\">\n\t\t\t\t<div class=\"elementor-widget-container\">\n\t\t\t\t\t<h2 class=\"elementor-heading-title elementor-size-default\">R\u00e9g\u00e9n\u00e9ration des f\u00fbts<\/h2>\t\t\t\t<\/div>\n\t\t\t\t<\/div>\n\t\t\t\t<div class=\"elementor-element elementor-element-2e5b9db elementor-widget elementor-widget-text-editor\" data-id=\"2e5b9db\" data-element_type=\"widget\" data-e-type=\"widget\" data-widget_type=\"text-editor.default\">\n\t\t\t\t<div class=\"elementor-widget-container\">\n\t\t\t\t\t\t\t\t\t<p>Revitalisez vos barriques gr\u00e2ce \u00e0 notre service de r\u00e9g\u00e9n\u00e9ration. Gr\u00e2ce \u00e0 des techniques de pointe, nous redonnons de la vitalit\u00e9 et prolongeons la dur\u00e9e de vie de vos barriques, en veillant \u00e0 ce que chaque vin conserve son caract\u00e8re unique et distinctif.<br \/><br \/>Faites confiance \u00e0 Toneler\u00eda Herfe pour maintenir l'excellence \u00e0 chaque gorg\u00e9e.<\/p>\t\t\t\t\t\t\t\t<\/div>\n\t\t\t\t<\/div>\n\t\t\t\t<div class=\"elementor-element elementor-element-80850f7 elementor-widget elementor-widget-button\" data-id=\"80850f7\" data-element_type=\"widget\" data-e-type=\"widget\" data-widget_type=\"button.default\">\n\t\t\t\t<div class=\"elementor-widget-container\">\n\t\t\t\t\t\t\t\t\t<div class=\"elementor-button-wrapper\">\n\t\t\t\t\t<a class=\"elementor-button elementor-button-link elementor-size-sm\" href=\"http:\/\/www.toneleriaherfe.com\/fr\/otros-productos\/\">\n\t\t\t\t\t\t<span class=\"elementor-button-content-wrapper\">\n\t\t\t\t\t\t\t\t\t<span class=\"elementor-button-text\">Je veux plus d'informations<\/span>\n\t\t\t\t\t<\/span>\n\t\t\t\t\t<\/a>\n\t\t\t\t<\/div>\n\t\t\t\t\t\t\t\t<\/div>\n\t\t\t\t<\/div>\n\t\t\t\t\t<\/div>\n\t\t\t\t<\/div>\n\t\t<div class=\"elementor-element elementor-element-8dfff84 e-flex e-con-boxed elementor-invisible e-con e-child\" data-id=\"8dfff84\" data-element_type=\"container\" data-e-type=\"container\" data-settings=\"{&quot;background_background&quot;:&quot;classic&quot;,&quot;animation&quot;:&quot;fadeIn&quot;,&quot;animation_delay&quot;:100}\">\n\t\t\t\t\t<div class=\"e-con-inner\">\n\t\t\t\t<div class=\"elementor-element elementor-element-06fb6a1 elementor-widget elementor-widget-spacer\" data-id=\"06fb6a1\" data-element_type=\"widget\" data-e-type=\"widget\" data-widget_type=\"spacer.default\">\n\t\t\t\t<div class=\"elementor-widget-container\">\n\t\t\t\t\t\t\t<div class=\"elementor-spacer\">\n\t\t\t<div class=\"elementor-spacer-inner\"><\/div>\n\t\t<\/div>\n\t\t\t\t\t\t<\/div>\n\t\t\t\t<\/div>\n\t\t\t\t\t<\/div>\n\t\t\t\t<\/div>\n\t\t\t\t<\/div>\n\t\t<div class=\"elementor-element elementor-element-f4ea953 e-con-full e-flex e-con e-child\" data-id=\"f4ea953\" data-element_type=\"container\" data-e-type=\"container\" data-settings=\"{&quot;background_background&quot;:&quot;classic&quot;}\">\n\t\t<div class=\"elementor-element elementor-element-2f537a2 e-flex e-con-boxed e-con e-child\" data-id=\"2f537a2\" data-element_type=\"container\" data-e-type=\"container\">\n\t\t\t\t\t<div class=\"e-con-inner\">\n\t\t\t\t<div class=\"elementor-element elementor-element-8f2f794 elementor-widget elementor-widget-image\" data-id=\"8f2f794\" data-element_type=\"widget\" data-e-type=\"widget\" data-widget_type=\"image.default\">\n\t\t\t\t<div class=\"elementor-widget-container\">\n\t\t\t\t\t\t\t\t\t\t\t\t\t\t\t<img fetchpriority=\"high\" decoding=\"async\" width=\"800\" height=\"533\" src=\"https:\/\/www.toneleriaherfe.com\/wp-content\/uploads\/2024\/05\/wp1-1024x682.webp\" class=\"attachment-large size-large wp-image-1830\" alt=\"\" srcset=\"https:\/\/www.toneleriaherfe.com\/wp-content\/uploads\/2024\/05\/wp1-1024x682.webp 1024w, https:\/\/www.toneleriaherfe.com\/wp-content\/uploads\/2024\/05\/wp1-300x200.webp 300w, https:\/\/www.toneleriaherfe.com\/wp-content\/uploads\/2024\/05\/wp1-768x512.webp 768w, https:\/\/www.toneleriaherfe.com\/wp-content\/uploads\/2024\/05\/wp1.webp 1079w\" sizes=\"(max-width: 800px) 100vw, 800px\" \/>\t\t\t\t\t\t\t\t\t\t\t\t\t\t\t<\/div>\n\t\t\t\t<\/div>\n\t\t\t\t\t<\/div>\n\t\t\t\t<\/div>\n\t\t<div class=\"elementor-element elementor-element-0c06f69 e-flex e-con-boxed elementor-invisible e-con e-child\" data-id=\"0c06f69\" data-element_type=\"container\" data-e-type=\"container\" data-settings=\"{&quot;background_background&quot;:&quot;classic&quot;,&quot;animation&quot;:&quot;fadeIn&quot;,&quot;animation_delay&quot;:100}\">\n\t\t\t\t\t<div class=\"e-con-inner\">\n\t\t\t\t<div class=\"elementor-element elementor-element-f4c51c2 elementor-widget elementor-widget-image\" data-id=\"f4c51c2\" data-element_type=\"widget\" data-e-type=\"widget\" data-widget_type=\"image.default\">\n\t\t\t\t<div class=\"elementor-widget-container\">\n\t\t\t\t\t\t\t\t\t\t\t\t\t\t\t<img decoding=\"async\" width=\"800\" height=\"533\" src=\"https:\/\/www.toneleriaherfe.com\/wp-content\/uploads\/2024\/05\/wp2-1024x682.webp\" class=\"attachment-large size-large wp-image-1831\" alt=\"\" srcset=\"https:\/\/www.toneleriaherfe.com\/wp-content\/uploads\/2024\/05\/wp2-1024x682.webp 1024w, https:\/\/www.toneleriaherfe.com\/wp-content\/uploads\/2024\/05\/wp2-300x200.webp 300w, https:\/\/www.toneleriaherfe.com\/wp-content\/uploads\/2024\/05\/wp2-768x512.webp 768w, https:\/\/www.toneleriaherfe.com\/wp-content\/uploads\/2024\/05\/wp2.webp 1079w\" sizes=\"(max-width: 800px) 100vw, 800px\" \/>\t\t\t\t\t\t\t\t\t\t\t\t\t\t\t<\/div>\n\t\t\t\t<\/div>\n\t\t\t\t\t<\/div>\n\t\t\t\t<\/div>\n\t\t\t\t<\/div>\n\t\t<div class=\"elementor-element elementor-element-6410740 e-con-full e-flex e-con e-child\" data-id=\"6410740\" data-element_type=\"container\" data-e-type=\"container\">\n\t\t<div class=\"elementor-element elementor-element-1b0ec19 e-flex e-con-boxed elementor-invisible e-con e-child\" data-id=\"1b0ec19\" data-element_type=\"container\" data-e-type=\"container\" data-settings=\"{&quot;background_background&quot;:&quot;classic&quot;,&quot;animation&quot;:&quot;fadeIn&quot;,&quot;animation_delay&quot;:100}\">\n\t\t\t\t\t<div class=\"e-con-inner\">\n\t\t\t\t<div class=\"elementor-element elementor-element-1cc517e elementor-widget elementor-widget-spacer\" data-id=\"1cc517e\" data-element_type=\"widget\" data-e-type=\"widget\" data-widget_type=\"spacer.default\">\n\t\t\t\t<div class=\"elementor-widget-container\">\n\t\t\t\t\t\t\t<div class=\"elementor-spacer\">\n\t\t\t<div class=\"elementor-spacer-inner\"><\/div>\n\t\t<\/div>\n\t\t\t\t\t\t<\/div>\n\t\t\t\t<\/div>\n\t\t\t\t\t<\/div>\n\t\t\t\t<\/div>\n\t\t<div class=\"elementor-element elementor-element-3f55ca7 e-flex e-con-boxed elementor-invisible e-con e-child\" data-id=\"3f55ca7\" data-element_type=\"container\" data-e-type=\"container\" data-settings=\"{&quot;animation&quot;:&quot;fadeIn&quot;}\">\n\t\t\t\t\t<div class=\"e-con-inner\">\n\t\t\t\t<div class=\"elementor-element elementor-element-fabd9f4 elementor-widget elementor-widget-heading\" data-id=\"fabd9f4\" data-element_type=\"widget\" data-e-type=\"widget\" data-widget_type=\"heading.default\">\n\t\t\t\t<div class=\"elementor-widget-container\">\n\t\t\t\t\t<h2 class=\"elementor-heading-title elementor-size-default\">F\u00fbts usag\u00e9s\/vin<\/h2>\t\t\t\t<\/div>\n\t\t\t\t<\/div>\n\t\t\t\t<div class=\"elementor-element elementor-element-2107a3c elementor-widget elementor-widget-text-editor\" data-id=\"2107a3c\" data-element_type=\"widget\" data-e-type=\"widget\" data-widget_type=\"text-editor.default\">\n\t\t\t\t<div class=\"elementor-widget-container\">\n\t\t\t\t\t\t\t\t\t<p>D\u00e9couvrez notre s\u00e9lection de f\u00fbts usag\u00e9s, parfaits pour les caves avant-gardistes \u00e0 la recherche de qualit\u00e9 et de caract\u00e8re \u00e0 un prix abordable.<br \/><br \/>Chaque barrique est soigneusement inspect\u00e9e pour garantir le meilleur vieillissement possible, offrant ainsi une note unique \u00e0 vos vins.<\/p>\t\t\t\t\t\t\t\t<\/div>\n\t\t\t\t<\/div>\n\t\t\t\t<div class=\"elementor-element elementor-element-bae1e13 elementor-widget elementor-widget-button\" data-id=\"bae1e13\" data-element_type=\"widget\" data-e-type=\"widget\" data-widget_type=\"button.default\">\n\t\t\t\t<div class=\"elementor-widget-container\">\n\t\t\t\t\t\t\t\t\t<div class=\"elementor-button-wrapper\">\n\t\t\t\t\t<a class=\"elementor-button elementor-button-link elementor-size-sm\" href=\"http:\/\/www.toneleriaherfe.com\/fr\/otros-productos\/\">\n\t\t\t\t\t\t<span class=\"elementor-button-content-wrapper\">\n\t\t\t\t\t\t\t\t\t<span class=\"elementor-button-text\">Je veux plus d'informations<\/span>\n\t\t\t\t\t<\/span>\n\t\t\t\t\t<\/a>\n\t\t\t\t<\/div>\n\t\t\t\t\t\t\t\t<\/div>\n\t\t\t\t<\/div>\n\t\t\t\t\t<\/div>\n\t\t\t\t<\/div>\n\t\t\t\t<\/div>\n\t\t<div class=\"elementor-element elementor-element-7e3701d e-con-full e-flex e-con e-child\" data-id=\"7e3701d\" data-element_type=\"container\" data-e-type=\"container\">\n\t\t<div class=\"elementor-element elementor-element-834e311 e-flex e-con-boxed elementor-invisible e-con e-child\" data-id=\"834e311\" data-element_type=\"container\" data-e-type=\"container\" data-settings=\"{&quot;animation&quot;:&quot;fadeIn&quot;}\">\n\t\t\t\t\t<div class=\"e-con-inner\">\n\t\t\t\t<div class=\"elementor-element elementor-element-2ce39ba elementor-widget elementor-widget-heading\" data-id=\"2ce39ba\" data-element_type=\"widget\" data-e-type=\"widget\" data-widget_type=\"heading.default\">\n\t\t\t\t<div class=\"elementor-widget-container\">\n\t\t\t\t\t<h2 class=\"elementor-heading-title elementor-size-default\">Barils Autres tailles<\/h2>\t\t\t\t<\/div>\n\t\t\t\t<\/div>\n\t\t\t\t<div class=\"elementor-element elementor-element-0568215 elementor-widget elementor-widget-text-editor\" data-id=\"0568215\" data-element_type=\"widget\" data-e-type=\"widget\" data-widget_type=\"text-editor.default\">\n\t\t\t\t<div class=\"elementor-widget-container\">\n\t\t\t\t\t\t\t\t\t<p>Adaptez votre production de vin gr\u00e2ce \u00e0 notre gamme de tonneaux de diff\u00e9rentes tailles. Qualit\u00e9 et polyvalence dans chaque barrique, pour chaque besoin.<\/p>\t\t\t\t\t\t\t\t<\/div>\n\t\t\t\t<\/div>\n\t\t\t\t<div class=\"elementor-element elementor-element-82d51df elementor-widget elementor-widget-button\" data-id=\"82d51df\" data-element_type=\"widget\" data-e-type=\"widget\" data-widget_type=\"button.default\">\n\t\t\t\t<div class=\"elementor-widget-container\">\n\t\t\t\t\t\t\t\t\t<div class=\"elementor-button-wrapper\">\n\t\t\t\t\t<a class=\"elementor-button elementor-button-link elementor-size-sm\" href=\"http:\/\/www.toneleriaherfe.com\/fr\/otros-productos\/\">\n\t\t\t\t\t\t<span class=\"elementor-button-content-wrapper\">\n\t\t\t\t\t\t\t\t\t<span class=\"elementor-button-text\">Je veux plus d'informations<\/span>\n\t\t\t\t\t<\/span>\n\t\t\t\t\t<\/a>\n\t\t\t\t<\/div>\n\t\t\t\t\t\t\t\t<\/div>\n\t\t\t\t<\/div>\n\t\t\t\t\t<\/div>\n\t\t\t\t<\/div>\n\t\t<div class=\"elementor-element elementor-element-7341d9e e-flex e-con-boxed elementor-invisible e-con e-child\" data-id=\"7341d9e\" data-element_type=\"container\" data-e-type=\"container\" data-settings=\"{&quot;background_background&quot;:&quot;classic&quot;,&quot;animation&quot;:&quot;fadeIn&quot;,&quot;animation_delay&quot;:100}\">\n\t\t\t\t\t<div class=\"e-con-inner\">\n\t\t\t\t<div class=\"elementor-element elementor-element-018ed9e elementor-widget elementor-widget-spacer\" data-id=\"018ed9e\" data-element_type=\"widget\" data-e-type=\"widget\" data-widget_type=\"spacer.default\">\n\t\t\t\t<div class=\"elementor-widget-container\">\n\t\t\t\t\t\t\t<div class=\"elementor-spacer\">\n\t\t\t<div class=\"elementor-spacer-inner\"><\/div>\n\t\t<\/div>\n\t\t\t\t\t\t<\/div>\n\t\t\t\t<\/div>\n\t\t\t\t\t<\/div>\n\t\t\t\t<\/div>\n\t\t\t\t<\/div>\n\t\t<div class=\"elementor-element elementor-element-475461b e-con-full e-flex e-con e-child\" data-id=\"475461b\" data-element_type=\"container\" data-e-type=\"container\">\n\t\t<div class=\"elementor-element elementor-element-e5dbfbc e-flex e-con-boxed elementor-invisible e-con e-child\" data-id=\"e5dbfbc\" data-element_type=\"container\" data-e-type=\"container\" data-settings=\"{&quot;background_background&quot;:&quot;classic&quot;,&quot;animation&quot;:&quot;fadeIn&quot;,&quot;animation_delay&quot;:100}\">\n\t\t\t\t\t<div class=\"e-con-inner\">\n\t\t\t\t<div class=\"elementor-element elementor-element-c422b8c elementor-widget elementor-widget-spacer\" data-id=\"c422b8c\" data-element_type=\"widget\" data-e-type=\"widget\" data-widget_type=\"spacer.default\">\n\t\t\t\t<div class=\"elementor-widget-container\">\n\t\t\t\t\t\t\t<div class=\"elementor-spacer\">\n\t\t\t<div class=\"elementor-spacer-inner\"><\/div>\n\t\t<\/div>\n\t\t\t\t\t\t<\/div>\n\t\t\t\t<\/div>\n\t\t\t\t\t<\/div>\n\t\t\t\t<\/div>\n\t\t<div class=\"elementor-element elementor-element-2e75641 e-flex e-con-boxed elementor-invisible e-con e-child\" data-id=\"2e75641\" data-element_type=\"container\" data-e-type=\"container\" data-settings=\"{&quot;animation&quot;:&quot;fadeIn&quot;}\">\n\t\t\t\t\t<div class=\"e-con-inner\">\n\t\t\t\t<div class=\"elementor-element elementor-element-19497de elementor-widget elementor-widget-heading\" data-id=\"19497de\" data-element_type=\"widget\" data-e-type=\"widget\" data-widget_type=\"heading.default\">\n\t\t\t\t<div class=\"elementor-widget-container\">\n\t\t\t\t\t<h2 class=\"elementor-heading-title elementor-size-default\">Barriques envelopp\u00e9es de f\u00fbts<\/h2>\t\t\t\t<\/div>\n\t\t\t\t<\/div>\n\t\t\t\t<div class=\"elementor-element elementor-element-17be164 elementor-widget elementor-widget-text-editor\" data-id=\"17be164\" data-element_type=\"widget\" data-e-type=\"widget\" data-widget_type=\"text-editor.default\">\n\t\t\t\t<div class=\"elementor-widget-container\">\n\t\t\t\t\t\t\t\t\t<p>Nous disposons d'un grand nombre de caves pour la cuvaison de nos barriques. Oloroso, Fino, Manzanilla, Amontillado, Pedro Xim\u00e9nez, Muscat et Brandy... F\u00fbt de Sherry<\/p>\t\t\t\t\t\t\t\t<\/div>\n\t\t\t\t<\/div>\n\t\t\t\t<div class=\"elementor-element elementor-element-65fe705 elementor-widget elementor-widget-button\" data-id=\"65fe705\" data-element_type=\"widget\" data-e-type=\"widget\" data-widget_type=\"button.default\">\n\t\t\t\t<div class=\"elementor-widget-container\">\n\t\t\t\t\t\t\t\t\t<div class=\"elementor-button-wrapper\">\n\t\t\t\t\t<a class=\"elementor-button elementor-button-link elementor-size-sm\" href=\"http:\/\/www.toneleriaherfe.com\/fr\/otros-productos\/\">\n\t\t\t\t\t\t<span class=\"elementor-button-content-wrapper\">\n\t\t\t\t\t\t\t\t\t<span class=\"elementor-button-text\">Je veux plus d'informations<\/span>\n\t\t\t\t\t<\/span>\n\t\t\t\t\t<\/a>\n\t\t\t\t<\/div>\n\t\t\t\t\t\t\t\t<\/div>\n\t\t\t\t<\/div>\n\t\t\t\t\t<\/div>\n\t\t\t\t<\/div>\n\t\t\t\t<\/div>\n\t\t\t\t\t<\/div>\n\t\t\t\t<\/div>\n\t\t\t\t<\/div>","protected":false},"excerpt":{"rendered":"<p>Otros productos Regeneraci\u00f3n de Barricas Revitaliza tus barricas con nuestro servicio de regeneraci\u00f3n. Utilizando t\u00e9cnicas avanzadas, restauramos la vitalidad y prolongamos la vida \u00fatil de tus barricas, asegurando que cada vino retenga su car\u00e1cter \u00fanico y distintivo. Conf\u00eda en Toneler\u00eda Herfe para mantener la excelencia en cada sorbo. Quiero mas informaci\u00f3n Barricas Usadas\/Exvino Explora nuestra [&hellip;]<\/p>","protected":false},"author":1,"featured_media":0,"parent":0,"menu_order":0,"comment_status":"closed","ping_status":"closed","template":"elementor_header_footer","meta":{"_acf_changed":false,"footnotes":""},"class_list":["post-16","page","type-page","status-publish","hentry"],"acf":[],"yoast_head":"<!-- This site is optimized with the Yoast SEO plugin v27.4 - https:\/\/yoast.com\/product\/yoast-seo-wordpress\/ -->\n<title>Otros productos - Toneler\u00eda Herfe<\/title>\n<meta name=\"robots\" content=\"index, follow, max-snippet:-1, max-image-preview:large, max-video-preview:-1\" \/>\n<link rel=\"canonical\" href=\"http:\/\/www.toneleriaherfe.com\/fr\/otros-productos\/\" \/>\n<meta property=\"og:locale\" content=\"fr_FR\" \/>\n<meta property=\"og:type\" content=\"article\" \/>\n<meta property=\"og:title\" content=\"Otros productos - Toneler\u00eda Herfe\" \/>\n<meta property=\"og:description\" content=\"Otros productos Regeneraci\u00f3n de Barricas Revitaliza tus barricas con nuestro servicio de regeneraci\u00f3n. Utilizando t\u00e9cnicas avanzadas, restauramos la vitalidad y prolongamos la vida \u00fatil de tus barricas, asegurando que cada vino retenga su car\u00e1cter \u00fanico y distintivo. Conf\u00eda en Toneler\u00eda Herfe para mantener la excelencia en cada sorbo. Quiero mas informaci\u00f3n Barricas Usadas\/Exvino Explora nuestra [&hellip;]\" \/>\n<meta property=\"og:url\" content=\"http:\/\/www.toneleriaherfe.com\/fr\/otros-productos\/\" \/>\n<meta property=\"og:site_name\" content=\"Toneler\u00eda Herfe\" \/>\n<meta property=\"article:modified_time\" content=\"2024-07-31T07:34:04+00:00\" \/>\n<meta property=\"og:image\" content=\"https:\/\/www.toneleriaherfe.com\/wp-content\/uploads\/2024\/05\/wp1-1024x682.webp\" \/>\n<meta name=\"twitter:card\" content=\"summary_large_image\" \/>\n<meta name=\"twitter:label1\" content=\"Dur\u00e9e de lecture estim\u00e9e\" \/>\n\t<meta name=\"twitter:data1\" content=\"2 minutes\" \/>\n<script type=\"application\/ld+json\" class=\"yoast-schema-graph\">{\"@context\":\"https:\\\/\\\/schema.org\",\"@graph\":[{\"@type\":\"WebPage\",\"@id\":\"https:\\\/\\\/www.toneleriaherfe.com\\\/otros-productos\\\/\",\"url\":\"https:\\\/\\\/www.toneleriaherfe.com\\\/otros-productos\\\/\",\"name\":\"Otros productos - Toneler\u00eda Herfe\",\"isPartOf\":{\"@id\":\"https:\\\/\\\/www.toneleriaherfe.com\\\/#website\"},\"primaryImageOfPage\":{\"@id\":\"https:\\\/\\\/www.toneleriaherfe.com\\\/otros-productos\\\/#primaryimage\"},\"image\":{\"@id\":\"https:\\\/\\\/www.toneleriaherfe.com\\\/otros-productos\\\/#primaryimage\"},\"thumbnailUrl\":\"https:\\\/\\\/www.toneleriaherfe.com\\\/wp-content\\\/uploads\\\/2024\\\/05\\\/wp1-1024x682.webp\",\"datePublished\":\"2024-04-09T22:29:16+00:00\",\"dateModified\":\"2024-07-31T07:34:04+00:00\",\"breadcrumb\":{\"@id\":\"https:\\\/\\\/www.toneleriaherfe.com\\\/otros-productos\\\/#breadcrumb\"},\"inLanguage\":\"fr-FR\",\"potentialAction\":[{\"@type\":\"ReadAction\",\"target\":[\"https:\\\/\\\/www.toneleriaherfe.com\\\/otros-productos\\\/\"]}]},{\"@type\":\"ImageObject\",\"inLanguage\":\"fr-FR\",\"@id\":\"https:\\\/\\\/www.toneleriaherfe.com\\\/otros-productos\\\/#primaryimage\",\"url\":\"https:\\\/\\\/www.toneleriaherfe.com\\\/wp-content\\\/uploads\\\/2024\\\/05\\\/wp1-1024x682.webp\",\"contentUrl\":\"https:\\\/\\\/www.toneleriaherfe.com\\\/wp-content\\\/uploads\\\/2024\\\/05\\\/wp1-1024x682.webp\"},{\"@type\":\"BreadcrumbList\",\"@id\":\"https:\\\/\\\/www.toneleriaherfe.com\\\/otros-productos\\\/#breadcrumb\",\"itemListElement\":[{\"@type\":\"ListItem\",\"position\":1,\"name\":\"Portada\",\"item\":\"https:\\\/\\\/www.toneleriaherfe.com\\\/\"},{\"@type\":\"ListItem\",\"position\":2,\"name\":\"Otros productos\"}]},{\"@type\":\"WebSite\",\"@id\":\"https:\\\/\\\/www.toneleriaherfe.com\\\/#website\",\"url\":\"https:\\\/\\\/www.toneleriaherfe.com\\\/\",\"name\":\"Toneler\u00eda Herfe\",\"description\":\"Fusionando tradici\u00f3n y modernidad en cada barrica que elaboramos\",\"publisher\":{\"@id\":\"https:\\\/\\\/www.toneleriaherfe.com\\\/#organization\"},\"potentialAction\":[{\"@type\":\"SearchAction\",\"target\":{\"@type\":\"EntryPoint\",\"urlTemplate\":\"https:\\\/\\\/www.toneleriaherfe.com\\\/?s={search_term_string}\"},\"query-input\":{\"@type\":\"PropertyValueSpecification\",\"valueRequired\":true,\"valueName\":\"search_term_string\"}}],\"inLanguage\":\"fr-FR\"},{\"@type\":\"Organization\",\"@id\":\"https:\\\/\\\/www.toneleriaherfe.com\\\/#organization\",\"name\":\"Toneler\u00eda Herfe\",\"url\":\"https:\\\/\\\/www.toneleriaherfe.com\\\/\",\"logo\":{\"@type\":\"ImageObject\",\"inLanguage\":\"fr-FR\",\"@id\":\"https:\\\/\\\/www.toneleriaherfe.com\\\/#\\\/schema\\\/logo\\\/image\\\/\",\"url\":\"https:\\\/\\\/www.toneleriaherfe.com\\\/wp-content\\\/uploads\\\/2024\\\/04\\\/Logo.svg\",\"contentUrl\":\"https:\\\/\\\/www.toneleriaherfe.com\\\/wp-content\\\/uploads\\\/2024\\\/04\\\/Logo.svg\",\"width\":67,\"height\":64,\"caption\":\"Toneler\u00eda Herfe\"},\"image\":{\"@id\":\"https:\\\/\\\/www.toneleriaherfe.com\\\/#\\\/schema\\\/logo\\\/image\\\/\"}}]}<\/script>\n<!-- \/ Yoast SEO plugin. -->","yoast_head_json":{"title":"Otros productos - Toneler\u00eda Herfe","robots":{"index":"index","follow":"follow","max-snippet":"max-snippet:-1","max-image-preview":"max-image-preview:large","max-video-preview":"max-video-preview:-1"},"canonical":"http:\/\/www.toneleriaherfe.com\/fr\/otros-productos\/","og_locale":"fr_FR","og_type":"article","og_title":"Otros productos - Toneler\u00eda Herfe","og_description":"Otros productos Regeneraci\u00f3n de Barricas Revitaliza tus barricas con nuestro servicio de regeneraci\u00f3n. Utilizando t\u00e9cnicas avanzadas, restauramos la vitalidad y prolongamos la vida \u00fatil de tus barricas, asegurando que cada vino retenga su car\u00e1cter \u00fanico y distintivo. Conf\u00eda en Toneler\u00eda Herfe para mantener la excelencia en cada sorbo. Quiero mas informaci\u00f3n Barricas Usadas\/Exvino Explora nuestra [&hellip;]","og_url":"http:\/\/www.toneleriaherfe.com\/fr\/otros-productos\/","og_site_name":"Toneler\u00eda Herfe","article_modified_time":"2024-07-31T07:34:04+00:00","og_image":[{"url":"https:\/\/www.toneleriaherfe.com\/wp-content\/uploads\/2024\/05\/wp1-1024x682.webp","type":"","width":"","height":""}],"twitter_card":"summary_large_image","twitter_misc":{"Dur\u00e9e de lecture estim\u00e9e":"2 minutes"},"schema":{"@context":"https:\/\/schema.org","@graph":[{"@type":"WebPage","@id":"https:\/\/www.toneleriaherfe.com\/otros-productos\/","url":"https:\/\/www.toneleriaherfe.com\/otros-productos\/","name":"Otros productos - Toneler\u00eda Herfe","isPartOf":{"@id":"https:\/\/www.toneleriaherfe.com\/#website"},"primaryImageOfPage":{"@id":"https:\/\/www.toneleriaherfe.com\/otros-productos\/#primaryimage"},"image":{"@id":"https:\/\/www.toneleriaherfe.com\/otros-productos\/#primaryimage"},"thumbnailUrl":"https:\/\/www.toneleriaherfe.com\/wp-content\/uploads\/2024\/05\/wp1-1024x682.webp","datePublished":"2024-04-09T22:29:16+00:00","dateModified":"2024-07-31T07:34:04+00:00","breadcrumb":{"@id":"https:\/\/www.toneleriaherfe.com\/otros-productos\/#breadcrumb"},"inLanguage":"fr-FR","potentialAction":[{"@type":"ReadAction","target":["https:\/\/www.toneleriaherfe.com\/otros-productos\/"]}]},{"@type":"ImageObject","inLanguage":"fr-FR","@id":"https:\/\/www.toneleriaherfe.com\/otros-productos\/#primaryimage","url":"https:\/\/www.toneleriaherfe.com\/wp-content\/uploads\/2024\/05\/wp1-1024x682.webp","contentUrl":"https:\/\/www.toneleriaherfe.com\/wp-content\/uploads\/2024\/05\/wp1-1024x682.webp"},{"@type":"BreadcrumbList","@id":"https:\/\/www.toneleriaherfe.com\/otros-productos\/#breadcrumb","itemListElement":[{"@type":"ListItem","position":1,"name":"Portada","item":"https:\/\/www.toneleriaherfe.com\/"},{"@type":"ListItem","position":2,"name":"Otros productos"}]},{"@type":"WebSite","@id":"https:\/\/www.toneleriaherfe.com\/#website","url":"https:\/\/www.toneleriaherfe.com\/","name":"Toneler\u00eda Herfe","description":"Fusionando tradici\u00f3n y modernidad en cada barrica que elaboramos","publisher":{"@id":"https:\/\/www.toneleriaherfe.com\/#organization"},"potentialAction":[{"@type":"SearchAction","target":{"@type":"EntryPoint","urlTemplate":"https:\/\/www.toneleriaherfe.com\/?s={search_term_string}"},"query-input":{"@type":"PropertyValueSpecification","valueRequired":true,"valueName":"search_term_string"}}],"inLanguage":"fr-FR"},{"@type":"Organization","@id":"https:\/\/www.toneleriaherfe.com\/#organization","name":"Toneler\u00eda Herfe","url":"https:\/\/www.toneleriaherfe.com\/","logo":{"@type":"ImageObject","inLanguage":"fr-FR","@id":"https:\/\/www.toneleriaherfe.com\/#\/schema\/logo\/image\/","url":"https:\/\/www.toneleriaherfe.com\/wp-content\/uploads\/2024\/04\/Logo.svg","contentUrl":"https:\/\/www.toneleriaherfe.com\/wp-content\/uploads\/2024\/04\/Logo.svg","width":67,"height":64,"caption":"Toneler\u00eda Herfe"},"image":{"@id":"https:\/\/www.toneleriaherfe.com\/#\/schema\/logo\/image\/"}}]}},"_links":{"self":[{"href":"http:\/\/www.toneleriaherfe.com\/fr\/wp-json\/wp\/v2\/pages\/16","targetHints":{"allow":["GET"]}}],"collection":[{"href":"http:\/\/www.toneleriaherfe.com\/fr\/wp-json\/wp\/v2\/pages"}],"about":[{"href":"http:\/\/www.toneleriaherfe.com\/fr\/wp-json\/wp\/v2\/types\/page"}],"author":[{"embeddable":true,"href":"http:\/\/www.toneleriaherfe.com\/fr\/wp-json\/wp\/v2\/users\/1"}],"replies":[{"embeddable":true,"href":"http:\/\/www.toneleriaherfe.com\/fr\/wp-json\/wp\/v2\/comments?post=16"}],"version-history":[{"count":30,"href":"http:\/\/www.toneleriaherfe.com\/fr\/wp-json\/wp\/v2\/pages\/16\/revisions"}],"predecessor-version":[{"id":2155,"href":"http:\/\/www.toneleriaherfe.com\/fr\/wp-json\/wp\/v2\/pages\/16\/revisions\/2155"}],"wp:attachment":[{"href":"http:\/\/www.toneleriaherfe.com\/fr\/wp-json\/wp\/v2\/media?parent=16"}],"curies":[{"name":"wp","href":"https:\/\/api.w.org\/{rel}","templated":true}]}}