
 

{"id":1159,"date":"2024-04-11T23:53:10","date_gmt":"2024-04-11T23:53:10","guid":{"rendered":"https:\/\/www.toneleriaherfe.com\/?page_id=1159"},"modified":"2024-04-12T22:14:49","modified_gmt":"2024-04-12T22:14:49","slug":"toneles-para-vinos","status":"publish","type":"page","link":"https:\/\/www.toneleriaherfe.com\/de\/toneles-para-vinos\/","title":{"rendered":"Toneles para vinos"},"content":{"rendered":"<div data-elementor-type=\"wp-page\" data-elementor-id=\"1159\" class=\"elementor elementor-1159\" data-elementor-post-type=\"page\">\n\t\t\t\t<div class=\"elementor-element elementor-element-deb6aab e-flex e-con-boxed e-con e-parent\" data-id=\"deb6aab\" data-element_type=\"container\" data-e-type=\"container\" data-settings=\"{&quot;background_background&quot;:&quot;classic&quot;}\">\n\t\t\t\t\t<div class=\"e-con-inner\">\n\t\t<div class=\"elementor-element elementor-element-3e0beb9 e-con-full e-flex elementor-invisible e-con e-child\" data-id=\"3e0beb9\" data-element_type=\"container\" data-e-type=\"container\" data-settings=\"{&quot;animation&quot;:&quot;fadeInUp&quot;}\">\n\t\t\t\t<div class=\"elementor-element elementor-element-83483ec elementor-widget elementor-widget-heading\" data-id=\"83483ec\" data-element_type=\"widget\" data-e-type=\"widget\" data-widget_type=\"heading.default\">\n\t\t\t\t<div class=\"elementor-widget-container\">\n\t\t\t\t\t<h1 class=\"elementor-heading-title elementor-size-default\">Toneles para Vinos<\/h1>\t\t\t\t<\/div>\n\t\t\t\t<\/div>\n\t\t\t\t<div class=\"elementor-element elementor-element-e7a87e2 elementor-widget elementor-widget-heading\" data-id=\"e7a87e2\" data-element_type=\"widget\" data-e-type=\"widget\" data-widget_type=\"heading.default\">\n\t\t\t\t<div class=\"elementor-widget-container\">\n\t\t\t\t\t<h3 class=\"elementor-heading-title elementor-size-default\">En el mundo de la enolog\u00eda, los <b>toneles de vino<\/b>  son un componente vital en la producci\u00f3n de <b>vinos<\/b> finos. Estos recipientes de madera no solo sirven como un lugar para almacenar y envejecer el <b>vino<\/b>, sino que tambi\u00e9n influyen de manera significativa en su sabor, aroma, color y estructura.<\/h3>\t\t\t\t<\/div>\n\t\t\t\t<\/div>\n\t\t\t\t<\/div>\n\t\t\t\t\t<\/div>\n\t\t\t\t<\/div>\n\t\t<div class=\"elementor-element elementor-element-b9292bd e-flex e-con-boxed e-con e-parent\" data-id=\"b9292bd\" data-element_type=\"container\" data-e-type=\"container\" data-settings=\"{&quot;background_background&quot;:&quot;classic&quot;}\">\n\t\t\t\t\t<div class=\"e-con-inner\">\n\t\t<div class=\"elementor-element elementor-element-2678388 e-con-full e-flex e-con e-child\" data-id=\"2678388\" data-element_type=\"container\" data-e-type=\"container\">\n\t\t<div class=\"elementor-element elementor-element-a40d8c7 e-flex e-con-boxed elementor-invisible e-con e-child\" data-id=\"a40d8c7\" data-element_type=\"container\" data-e-type=\"container\" data-settings=\"{&quot;animation&quot;:&quot;fadeIn&quot;}\">\n\t\t\t\t\t<div class=\"e-con-inner\">\n\t\t\t\t<div class=\"elementor-element elementor-element-5efef2d elementor-widget elementor-widget-heading\" data-id=\"5efef2d\" data-element_type=\"widget\" data-e-type=\"widget\" data-widget_type=\"heading.default\">\n\t\t\t\t<div class=\"elementor-widget-container\">\n\t\t\t\t\t<h2 class=\"elementor-heading-title elementor-size-default\">Caracter\u00edsticas de los Toneles para Vinos<\/h2>\t\t\t\t<\/div>\n\t\t\t\t<\/div>\n\t\t<div class=\"elementor-element elementor-element-992be3b e-flex e-con-boxed e-con e-child\" data-id=\"992be3b\" data-element_type=\"container\" data-e-type=\"container\">\n\t\t\t\t\t<div class=\"e-con-inner\">\n\t\t\t\t<div class=\"elementor-element elementor-element-00dd7fd elementor-invisible elementor-widget elementor-widget-heading\" data-id=\"00dd7fd\" data-element_type=\"widget\" data-e-type=\"widget\" data-settings=\"{&quot;_animation&quot;:&quot;fadeIn&quot;}\" data-widget_type=\"heading.default\">\n\t\t\t\t<div class=\"elementor-widget-container\">\n\t\t\t\t\t<h4 class=\"elementor-heading-title elementor-size-default\">Material y tama\u00f1o<\/h4>\t\t\t\t<\/div>\n\t\t\t\t<\/div>\n\t\t\t\t<div class=\"elementor-element elementor-element-3f025fe elementor-widget elementor-widget-text-editor\" data-id=\"3f025fe\" data-element_type=\"widget\" data-e-type=\"widget\" data-widget_type=\"text-editor.default\">\n\t\t\t\t<div class=\"elementor-widget-container\">\n\t\t\t\t\t\t\t\t\t<p>T\u00edpicamente, los<strong> toneles de vino<\/strong> se fabrican a partir de varios tipos de <strong>roble: americano, franc\u00e9s y europeo,<\/strong> cada uno proporcionando sus propias caracter\u00edsticas y matices al <strong>vino.<\/strong> La elecci\u00f3n del roble depender\u00e1 del tipo de <strong>vino<\/strong> y del perfil de sabor que el en\u00f3logo desee lograr.<br \/><br \/>El tama\u00f1o est\u00e1ndar de los <strong>toneles para vino<\/strong> es de 225 litros, aunque esto puede variar dependiendo del estilo de <strong>vino<\/strong> y de las preferencias del productor.<\/p>\t\t\t\t\t\t\t\t<\/div>\n\t\t\t\t<\/div>\n\t\t\t\t\t<\/div>\n\t\t\t\t<\/div>\n\t\t<div class=\"elementor-element elementor-element-cf978c4 e-flex e-con-boxed e-con e-child\" data-id=\"cf978c4\" data-element_type=\"container\" data-e-type=\"container\">\n\t\t\t\t\t<div class=\"e-con-inner\">\n\t\t\t\t<div class=\"elementor-element elementor-element-d7ed7b6 elementor-invisible elementor-widget elementor-widget-heading\" data-id=\"d7ed7b6\" data-element_type=\"widget\" data-e-type=\"widget\" data-settings=\"{&quot;_animation&quot;:&quot;fadeIn&quot;}\" data-widget_type=\"heading.default\">\n\t\t\t\t<div class=\"elementor-widget-container\">\n\t\t\t\t\t<h4 class=\"elementor-heading-title elementor-size-default\">Uso del tostado<\/h4>\t\t\t\t<\/div>\n\t\t\t\t<\/div>\n\t\t\t\t<div class=\"elementor-element elementor-element-99d3a30 elementor-widget elementor-widget-text-editor\" data-id=\"99d3a30\" data-element_type=\"widget\" data-e-type=\"widget\" data-widget_type=\"text-editor.default\">\n\t\t\t\t<div class=\"elementor-widget-container\">\n\t\t\t\t\t\t\t\t\t<p>El tostado del interior del <strong>tonel<\/strong> es un factor determinante en la influencia que la <strong>barrica<\/strong> tendr\u00e1 en el vino. Los niveles de tostado pueden variar de ligero a medio y fuerte, dependiendo del <strong>vino<\/strong> que se vaya a envejecer.<br \/><br \/>Un tostado ligero puede aportar notas de coco y vainilla, mientras que un tostado medio o fuerte puede impartir sabores de especias, caramelo o tostados al <strong>vino.<\/strong><\/p>\t\t\t\t\t\t\t\t<\/div>\n\t\t\t\t<\/div>\n\t\t\t\t\t<\/div>\n\t\t\t\t<\/div>\n\t\t\t\t\t<\/div>\n\t\t\t\t<\/div>\n\t\t<div class=\"elementor-element elementor-element-e2b8490 e-flex e-con-boxed elementor-invisible e-con e-child\" data-id=\"e2b8490\" data-element_type=\"container\" data-e-type=\"container\" data-settings=\"{&quot;background_background&quot;:&quot;classic&quot;,&quot;animation&quot;:&quot;fadeIn&quot;,&quot;animation_delay&quot;:100}\">\n\t\t\t\t\t<div class=\"e-con-inner\">\n\t\t\t\t<div class=\"elementor-element elementor-element-0c6ae9a elementor-widget elementor-widget-spacer\" data-id=\"0c6ae9a\" data-element_type=\"widget\" data-e-type=\"widget\" data-widget_type=\"spacer.default\">\n\t\t\t\t<div class=\"elementor-widget-container\">\n\t\t\t\t\t\t\t<div class=\"elementor-spacer\">\n\t\t\t<div class=\"elementor-spacer-inner\"><\/div>\n\t\t<\/div>\n\t\t\t\t\t\t<\/div>\n\t\t\t\t<\/div>\n\t\t\t\t\t<\/div>\n\t\t\t\t<\/div>\n\t\t\t\t<\/div>\n\t\t<div class=\"elementor-element elementor-element-75737cf e-con-full e-flex e-con e-child\" data-id=\"75737cf\" data-element_type=\"container\" data-e-type=\"container\">\n\t\t<div class=\"elementor-element elementor-element-82fc266 e-flex e-con-boxed elementor-invisible e-con e-child\" data-id=\"82fc266\" data-element_type=\"container\" data-e-type=\"container\" data-settings=\"{&quot;animation&quot;:&quot;fadeIn&quot;}\">\n\t\t\t\t\t<div class=\"e-con-inner\">\n\t\t\t\t<div class=\"elementor-element elementor-element-a04c36a elementor-widget elementor-widget-heading\" data-id=\"a04c36a\" data-element_type=\"widget\" data-e-type=\"widget\" data-widget_type=\"heading.default\">\n\t\t\t\t<div class=\"elementor-widget-container\">\n\t\t\t\t\t<h2 class=\"elementor-heading-title elementor-size-default\">Proceso de fabricaci\u00f3n de los Toneles para Vinos<\/h2>\t\t\t\t<\/div>\n\t\t\t\t<\/div>\n\t\t<div class=\"elementor-element elementor-element-0c2b9c5 e-flex e-con-boxed e-con e-child\" data-id=\"0c2b9c5\" data-element_type=\"container\" data-e-type=\"container\">\n\t\t\t\t\t<div class=\"e-con-inner\">\n\t\t\t\t<div class=\"elementor-element elementor-element-5db4b5e elementor-invisible elementor-widget elementor-widget-heading\" data-id=\"5db4b5e\" data-element_type=\"widget\" data-e-type=\"widget\" data-settings=\"{&quot;_animation&quot;:&quot;fadeIn&quot;}\" data-widget_type=\"heading.default\">\n\t\t\t\t<div class=\"elementor-widget-container\">\n\t\t\t\t\t<h4 class=\"elementor-heading-title elementor-size-default\">Selecci\u00f3n y corte de la madera<\/h4>\t\t\t\t<\/div>\n\t\t\t\t<\/div>\n\t\t\t\t<div class=\"elementor-element elementor-element-16e5da8 elementor-widget elementor-widget-text-editor\" data-id=\"16e5da8\" data-element_type=\"widget\" data-e-type=\"widget\" data-widget_type=\"text-editor.default\">\n\t\t\t\t<div class=\"elementor-widget-container\">\n\t\t\t\t\t\t\t\t\t<p>En <strong>Toneler\u00eda Herfe,<\/strong> seleccionamos cuidadosamente los mejores <strong>robles<\/strong> para la fabricaci\u00f3n de nuestros <strong>toneles para vinos.<\/strong> La madera se corta en duelas, que luego se dejan secar al aire libre durante un per\u00edodo que puede extenderse hasta dos a\u00f1os.<br \/><br \/>Este secado natural reduce el contenido de humedad de la madera y ayuda a estabilizarla antes de la construcci\u00f3n del <strong>tonel.<\/strong><\/p>\t\t\t\t\t\t\t\t<\/div>\n\t\t\t\t<\/div>\n\t\t\t\t\t<\/div>\n\t\t\t\t<\/div>\n\t\t<div class=\"elementor-element elementor-element-eeca934 e-flex e-con-boxed e-con e-child\" data-id=\"eeca934\" data-element_type=\"container\" data-e-type=\"container\">\n\t\t\t\t\t<div class=\"e-con-inner\">\n\t\t\t\t<div class=\"elementor-element elementor-element-34db5f9 elementor-invisible elementor-widget elementor-widget-heading\" data-id=\"34db5f9\" data-element_type=\"widget\" data-e-type=\"widget\" data-settings=\"{&quot;_animation&quot;:&quot;fadeIn&quot;}\" data-widget_type=\"heading.default\">\n\t\t\t\t<div class=\"elementor-widget-container\">\n\t\t\t\t\t<h4 class=\"elementor-heading-title elementor-size-default\">Montaje y tostado de los Toneles<\/h4>\t\t\t\t<\/div>\n\t\t\t\t<\/div>\n\t\t\t\t<div class=\"elementor-element elementor-element-d285cc1 elementor-widget elementor-widget-text-editor\" data-id=\"d285cc1\" data-element_type=\"widget\" data-e-type=\"widget\" data-widget_type=\"text-editor.default\">\n\t\t\t\t<div class=\"elementor-widget-container\">\n\t\t\t\t\t\t\t\t\t<p>Las duelas secas se ensamblan meticulosamente para formar el <strong>tonel<\/strong>. Posteriormente, el interior del <strong>tonel<\/strong> se tuesta a fuego abierto en un proceso cuidadosamente controlado.<br \/><br \/>Este paso es crucial, ya que el nivel de tostado influir\u00e1 en los sabores y aromas que la madera aportar\u00e1 al <strong>vino.<\/strong><\/p>\t\t\t\t\t\t\t\t<\/div>\n\t\t\t\t<\/div>\n\t\t\t\t\t<\/div>\n\t\t\t\t<\/div>\n\t\t\t\t\t<\/div>\n\t\t\t\t<\/div>\n\t\t<div class=\"elementor-element elementor-element-d7ebfa6 e-flex e-con-boxed elementor-invisible e-con e-child\" data-id=\"d7ebfa6\" data-element_type=\"container\" data-e-type=\"container\" data-settings=\"{&quot;background_background&quot;:&quot;classic&quot;,&quot;animation&quot;:&quot;fadeIn&quot;,&quot;animation_delay&quot;:100}\">\n\t\t\t\t\t<div class=\"e-con-inner\">\n\t\t\t\t<div class=\"elementor-element elementor-element-5471c0a elementor-widget elementor-widget-spacer\" data-id=\"5471c0a\" data-element_type=\"widget\" data-e-type=\"widget\" data-widget_type=\"spacer.default\">\n\t\t\t\t<div class=\"elementor-widget-container\">\n\t\t\t\t\t\t\t<div class=\"elementor-spacer\">\n\t\t\t<div class=\"elementor-spacer-inner\"><\/div>\n\t\t<\/div>\n\t\t\t\t\t\t<\/div>\n\t\t\t\t<\/div>\n\t\t\t\t\t<\/div>\n\t\t\t\t<\/div>\n\t\t\t\t<\/div>\n\t\t\t\t<div class=\"elementor-element elementor-element-4fecac0 elementor-widget elementor-widget-text-editor\" data-id=\"4fecac0\" data-element_type=\"widget\" data-e-type=\"widget\" data-widget_type=\"text-editor.default\">\n\t\t\t\t<div class=\"elementor-widget-container\">\n\t\t\t\t\t\t\t\t\t<p>En <strong>Toneler\u00eda Herfe<\/strong>, nuestra pasi\u00f3n y compromiso con la calidad nos permite producir <strong>toneles<\/strong> excepcionales para vinos, brindando a los en\u00f3logos las herramientas necesarias para crear vinos de clase mundial. Nuestra experiencia y dedicaci\u00f3n se reflejan en cada tonel que sale de nuestras manos, contribuyendo a la producci\u00f3n de <strong>vinos<\/strong> inolvidables.<\/p>\t\t\t\t\t\t\t\t<\/div>\n\t\t\t\t<\/div>\n\t\t\t\t\t<\/div>\n\t\t\t\t<\/div>\n\t\t\t\t<\/div>","protected":false},"excerpt":{"rendered":"<p>Toneles para Vinos En el mundo de la enolog\u00eda, los toneles de vino son un componente vital en la producci\u00f3n de vinos finos. Estos recipientes de madera no solo sirven como un lugar para almacenar y envejecer el vino, sino que tambi\u00e9n influyen de manera significativa en su sabor, aroma, color y estructura. Caracter\u00edsticas de [&hellip;]<\/p>","protected":false},"author":1,"featured_media":0,"parent":0,"menu_order":0,"comment_status":"closed","ping_status":"closed","template":"elementor_header_footer","meta":{"_acf_changed":false,"footnotes":""},"class_list":["post-1159","page","type-page","status-publish","hentry"],"acf":[],"yoast_head":"<!-- This site is optimized with the Yoast SEO plugin v27.5 - https:\/\/yoast.com\/product\/yoast-seo-wordpress\/ -->\n<title>Toneles para vinos - Toneler\u00eda Herfe<\/title>\n<meta name=\"description\" content=\"Fabricamos y distribuimos toneles para vinos en Toneler\u00eda Herfe. Toneles de una gran calidad y resistencia.\" \/>\n<meta name=\"robots\" content=\"index, follow, max-snippet:-1, max-image-preview:large, max-video-preview:-1\" \/>\n<link rel=\"canonical\" href=\"https:\/\/www.toneleriaherfe.com\/de\/toneles-para-vinos\/\" \/>\n<meta property=\"og:locale\" content=\"de_DE\" \/>\n<meta property=\"og:type\" content=\"article\" \/>\n<meta property=\"og:title\" content=\"Toneles para vinos - Toneler\u00eda Herfe\" \/>\n<meta property=\"og:description\" content=\"Fabricamos y distribuimos toneles para vinos en Toneler\u00eda Herfe. Toneles de una gran calidad y resistencia.\" \/>\n<meta property=\"og:url\" content=\"https:\/\/www.toneleriaherfe.com\/de\/toneles-para-vinos\/\" \/>\n<meta property=\"og:site_name\" content=\"Toneler\u00eda Herfe\" \/>\n<meta property=\"article:modified_time\" content=\"2024-04-12T22:14:49+00:00\" \/>\n<meta name=\"twitter:card\" content=\"summary_large_image\" \/>\n<meta name=\"twitter:label1\" content=\"Gesch\u00e4tzte Lesezeit\" \/>\n\t<meta name=\"twitter:data1\" content=\"2\u00a0Minuten\" \/>\n<script type=\"application\/ld+json\" class=\"yoast-schema-graph\">{\"@context\":\"https:\\\/\\\/schema.org\",\"@graph\":[{\"@type\":\"WebPage\",\"@id\":\"https:\\\/\\\/www.toneleriaherfe.com\\\/toneles-para-vinos\\\/\",\"url\":\"https:\\\/\\\/www.toneleriaherfe.com\\\/toneles-para-vinos\\\/\",\"name\":\"Toneles para vinos - Toneler\u00eda Herfe\",\"isPartOf\":{\"@id\":\"https:\\\/\\\/www.toneleriaherfe.com\\\/#website\"},\"datePublished\":\"2024-04-11T23:53:10+00:00\",\"dateModified\":\"2024-04-12T22:14:49+00:00\",\"description\":\"Fabricamos y distribuimos toneles para vinos en Toneler\u00eda Herfe. Toneles de una gran calidad y resistencia.\",\"breadcrumb\":{\"@id\":\"https:\\\/\\\/www.toneleriaherfe.com\\\/toneles-para-vinos\\\/#breadcrumb\"},\"inLanguage\":\"de\",\"potentialAction\":[{\"@type\":\"ReadAction\",\"target\":[\"https:\\\/\\\/www.toneleriaherfe.com\\\/toneles-para-vinos\\\/\"]}]},{\"@type\":\"BreadcrumbList\",\"@id\":\"https:\\\/\\\/www.toneleriaherfe.com\\\/toneles-para-vinos\\\/#breadcrumb\",\"itemListElement\":[{\"@type\":\"ListItem\",\"position\":1,\"name\":\"Portada\",\"item\":\"https:\\\/\\\/www.toneleriaherfe.com\\\/\"},{\"@type\":\"ListItem\",\"position\":2,\"name\":\"Toneles para vinos\"}]},{\"@type\":\"WebSite\",\"@id\":\"https:\\\/\\\/www.toneleriaherfe.com\\\/#website\",\"url\":\"https:\\\/\\\/www.toneleriaherfe.com\\\/\",\"name\":\"Toneler\u00eda Herfe\",\"description\":\"Fusionando tradici\u00f3n y modernidad en cada barrica que elaboramos\",\"publisher\":{\"@id\":\"https:\\\/\\\/www.toneleriaherfe.com\\\/#organization\"},\"potentialAction\":[{\"@type\":\"SearchAction\",\"target\":{\"@type\":\"EntryPoint\",\"urlTemplate\":\"https:\\\/\\\/www.toneleriaherfe.com\\\/?s={search_term_string}\"},\"query-input\":{\"@type\":\"PropertyValueSpecification\",\"valueRequired\":true,\"valueName\":\"search_term_string\"}}],\"inLanguage\":\"de\"},{\"@type\":\"Organization\",\"@id\":\"https:\\\/\\\/www.toneleriaherfe.com\\\/#organization\",\"name\":\"Toneler\u00eda Herfe\",\"url\":\"https:\\\/\\\/www.toneleriaherfe.com\\\/\",\"logo\":{\"@type\":\"ImageObject\",\"inLanguage\":\"de\",\"@id\":\"https:\\\/\\\/www.toneleriaherfe.com\\\/#\\\/schema\\\/logo\\\/image\\\/\",\"url\":\"https:\\\/\\\/www.toneleriaherfe.com\\\/wp-content\\\/uploads\\\/2024\\\/04\\\/Logo.svg\",\"contentUrl\":\"https:\\\/\\\/www.toneleriaherfe.com\\\/wp-content\\\/uploads\\\/2024\\\/04\\\/Logo.svg\",\"width\":67,\"height\":64,\"caption\":\"Toneler\u00eda Herfe\"},\"image\":{\"@id\":\"https:\\\/\\\/www.toneleriaherfe.com\\\/#\\\/schema\\\/logo\\\/image\\\/\"}}]}<\/script>\n<!-- \/ Yoast SEO plugin. -->","yoast_head_json":{"title":"Toneles para vinos - Toneler\u00eda Herfe","description":"Fabricamos y distribuimos toneles para vinos en Toneler\u00eda Herfe. Toneles de una gran calidad y resistencia.","robots":{"index":"index","follow":"follow","max-snippet":"max-snippet:-1","max-image-preview":"max-image-preview:large","max-video-preview":"max-video-preview:-1"},"canonical":"https:\/\/www.toneleriaherfe.com\/de\/toneles-para-vinos\/","og_locale":"de_DE","og_type":"article","og_title":"Toneles para vinos - Toneler\u00eda Herfe","og_description":"Fabricamos y distribuimos toneles para vinos en Toneler\u00eda Herfe. Toneles de una gran calidad y resistencia.","og_url":"https:\/\/www.toneleriaherfe.com\/de\/toneles-para-vinos\/","og_site_name":"Toneler\u00eda Herfe","article_modified_time":"2024-04-12T22:14:49+00:00","twitter_card":"summary_large_image","twitter_misc":{"Gesch\u00e4tzte Lesezeit":"2\u00a0Minuten"},"schema":{"@context":"https:\/\/schema.org","@graph":[{"@type":"WebPage","@id":"https:\/\/www.toneleriaherfe.com\/toneles-para-vinos\/","url":"https:\/\/www.toneleriaherfe.com\/toneles-para-vinos\/","name":"Toneles para vinos - Toneler\u00eda Herfe","isPartOf":{"@id":"https:\/\/www.toneleriaherfe.com\/#website"},"datePublished":"2024-04-11T23:53:10+00:00","dateModified":"2024-04-12T22:14:49+00:00","description":"Fabricamos y distribuimos toneles para vinos en Toneler\u00eda Herfe. Toneles de una gran calidad y resistencia.","breadcrumb":{"@id":"https:\/\/www.toneleriaherfe.com\/toneles-para-vinos\/#breadcrumb"},"inLanguage":"de","potentialAction":[{"@type":"ReadAction","target":["https:\/\/www.toneleriaherfe.com\/toneles-para-vinos\/"]}]},{"@type":"BreadcrumbList","@id":"https:\/\/www.toneleriaherfe.com\/toneles-para-vinos\/#breadcrumb","itemListElement":[{"@type":"ListItem","position":1,"name":"Portada","item":"https:\/\/www.toneleriaherfe.com\/"},{"@type":"ListItem","position":2,"name":"Toneles para vinos"}]},{"@type":"WebSite","@id":"https:\/\/www.toneleriaherfe.com\/#website","url":"https:\/\/www.toneleriaherfe.com\/","name":"Toneler\u00eda Herfe","description":"Fusionando tradici\u00f3n y modernidad en cada barrica que elaboramos","publisher":{"@id":"https:\/\/www.toneleriaherfe.com\/#organization"},"potentialAction":[{"@type":"SearchAction","target":{"@type":"EntryPoint","urlTemplate":"https:\/\/www.toneleriaherfe.com\/?s={search_term_string}"},"query-input":{"@type":"PropertyValueSpecification","valueRequired":true,"valueName":"search_term_string"}}],"inLanguage":"de"},{"@type":"Organization","@id":"https:\/\/www.toneleriaherfe.com\/#organization","name":"Toneler\u00eda Herfe","url":"https:\/\/www.toneleriaherfe.com\/","logo":{"@type":"ImageObject","inLanguage":"de","@id":"https:\/\/www.toneleriaherfe.com\/#\/schema\/logo\/image\/","url":"https:\/\/www.toneleriaherfe.com\/wp-content\/uploads\/2024\/04\/Logo.svg","contentUrl":"https:\/\/www.toneleriaherfe.com\/wp-content\/uploads\/2024\/04\/Logo.svg","width":67,"height":64,"caption":"Toneler\u00eda Herfe"},"image":{"@id":"https:\/\/www.toneleriaherfe.com\/#\/schema\/logo\/image\/"}}]}},"_links":{"self":[{"href":"https:\/\/www.toneleriaherfe.com\/de\/wp-json\/wp\/v2\/pages\/1159","targetHints":{"allow":["GET"]}}],"collection":[{"href":"https:\/\/www.toneleriaherfe.com\/de\/wp-json\/wp\/v2\/pages"}],"about":[{"href":"https:\/\/www.toneleriaherfe.com\/de\/wp-json\/wp\/v2\/types\/page"}],"author":[{"embeddable":true,"href":"https:\/\/www.toneleriaherfe.com\/de\/wp-json\/wp\/v2\/users\/1"}],"replies":[{"embeddable":true,"href":"https:\/\/www.toneleriaherfe.com\/de\/wp-json\/wp\/v2\/comments?post=1159"}],"version-history":[{"count":0,"href":"https:\/\/www.toneleriaherfe.com\/de\/wp-json\/wp\/v2\/pages\/1159\/revisions"}],"wp:attachment":[{"href":"https:\/\/www.toneleriaherfe.com\/de\/wp-json\/wp\/v2\/media?parent=1159"}],"curies":[{"name":"wp","href":"https:\/\/api.w.org\/{rel}","templated":true}]}}