
 

{"id":1288,"date":"2024-04-12T02:35:30","date_gmt":"2024-04-12T02:35:30","guid":{"rendered":"https:\/\/www.toneleriaherfe.com\/?page_id=1288"},"modified":"2024-04-12T22:14:20","modified_gmt":"2024-04-12T22:14:20","slug":"toneles-de-roble-americano","status":"publish","type":"page","link":"https:\/\/www.toneleriaherfe.com\/de\/toneles-de-roble-americano\/","title":{"rendered":"Toneles de Roble Americano"},"content":{"rendered":"<div data-elementor-type=\"wp-page\" data-elementor-id=\"1288\" class=\"elementor elementor-1288\" data-elementor-post-type=\"page\">\n\t\t\t\t<div class=\"elementor-element elementor-element-49be59e e-flex e-con-boxed e-con e-parent\" data-id=\"49be59e\" data-element_type=\"container\" data-e-type=\"container\" data-settings=\"{&quot;background_background&quot;:&quot;classic&quot;}\">\n\t\t\t\t\t<div class=\"e-con-inner\">\n\t\t<div class=\"elementor-element elementor-element-9639c44 e-con-full e-flex elementor-invisible e-con e-child\" data-id=\"9639c44\" data-element_type=\"container\" data-e-type=\"container\" data-settings=\"{&quot;animation&quot;:&quot;fadeInUp&quot;}\">\n\t\t\t\t<div class=\"elementor-element elementor-element-40463b3 elementor-widget elementor-widget-heading\" data-id=\"40463b3\" data-element_type=\"widget\" data-e-type=\"widget\" data-widget_type=\"heading.default\">\n\t\t\t\t<div class=\"elementor-widget-container\">\n\t\t\t\t\t<h1 class=\"elementor-heading-title elementor-size-default\">Toneles de Roble Americano<\/h1>\t\t\t\t<\/div>\n\t\t\t\t<\/div>\n\t\t\t\t<div class=\"elementor-element elementor-element-585dc91 elementor-widget elementor-widget-heading\" data-id=\"585dc91\" data-element_type=\"widget\" data-e-type=\"widget\" data-widget_type=\"heading.default\">\n\t\t\t\t<div class=\"elementor-widget-container\">\n\t\t\t\t\t<h3 class=\"elementor-heading-title elementor-size-default\">Los <b>toneles de roble americano<\/b> son una elecci\u00f3n popular entre los en\u00f3logos y destiladores de todo el mundo. Este tipo de madera, nativa de Norteam\u00e9rica, aporta caracter\u00edsticas \u00fanicas a las bebidas que se envejecen en ella, realzando su sabor y perfil arom\u00e1tico. <b>Toneler\u00eda Herfe<\/b> es distribuidora de este tipo de <b>toneles<\/b>. Los realizamos con una calidad exquisita, debido a nuestro gusto por el trabajo que realizamos.<\/h3>\t\t\t\t<\/div>\n\t\t\t\t<\/div>\n\t\t\t\t<\/div>\n\t\t\t\t\t<\/div>\n\t\t\t\t<\/div>\n\t\t<div class=\"elementor-element elementor-element-d2fb4f1 e-flex e-con-boxed e-con e-parent\" data-id=\"d2fb4f1\" data-element_type=\"container\" data-e-type=\"container\" data-settings=\"{&quot;background_background&quot;:&quot;classic&quot;}\">\n\t\t\t\t\t<div class=\"e-con-inner\">\n\t\t<div class=\"elementor-element elementor-element-8ea915a e-con-full e-flex e-con e-child\" data-id=\"8ea915a\" data-element_type=\"container\" data-e-type=\"container\">\n\t\t<div class=\"elementor-element elementor-element-5c0af60 e-flex e-con-boxed elementor-invisible e-con e-child\" data-id=\"5c0af60\" data-element_type=\"container\" data-e-type=\"container\" data-settings=\"{&quot;animation&quot;:&quot;fadeIn&quot;}\">\n\t\t\t\t\t<div class=\"e-con-inner\">\n\t\t\t\t<div class=\"elementor-element elementor-element-411ccd2 elementor-widget elementor-widget-heading\" data-id=\"411ccd2\" data-element_type=\"widget\" data-e-type=\"widget\" data-widget_type=\"heading.default\">\n\t\t\t\t<div class=\"elementor-widget-container\">\n\t\t\t\t\t<h2 class=\"elementor-heading-title elementor-size-default\">Caracter\u00edsticas del Roble Americano<\/h2>\t\t\t\t<\/div>\n\t\t\t\t<\/div>\n\t\t<div class=\"elementor-element elementor-element-385fc64 e-flex e-con-boxed e-con e-child\" data-id=\"385fc64\" data-element_type=\"container\" data-e-type=\"container\">\n\t\t\t\t\t<div class=\"e-con-inner\">\n\t\t\t\t<div class=\"elementor-element elementor-element-ac33cba elementor-invisible elementor-widget elementor-widget-heading\" data-id=\"ac33cba\" data-element_type=\"widget\" data-e-type=\"widget\" data-settings=\"{&quot;_animation&quot;:&quot;fadeIn&quot;}\" data-widget_type=\"heading.default\">\n\t\t\t\t<div class=\"elementor-widget-container\">\n\t\t\t\t\t<h4 class=\"elementor-heading-title elementor-size-default\">Estructura y composici\u00f3n<\/h4>\t\t\t\t<\/div>\n\t\t\t\t<\/div>\n\t\t\t\t<div class=\"elementor-element elementor-element-b48e0e4 elementor-widget elementor-widget-text-editor\" data-id=\"b48e0e4\" data-element_type=\"widget\" data-e-type=\"widget\" data-widget_type=\"text-editor.default\">\n\t\t\t\t<div class=\"elementor-widget-container\">\n\t\t\t\t\t\t\t\t\t<p>El <strong>roble americano<\/strong> se distingue por su gran resistencia y densidad, lo que le otorga una alta durabilidad como material de <strong>toneler\u00eda<\/strong>. Adem\u00e1s, su estructura de grano abierto favorece una interacci\u00f3n m\u00e1s din\u00e1mica con el <strong>vino<\/strong> o <strong>destilado<\/strong> durante el proceso de envejecimiento.<\/p>\t\t\t\t\t\t\t\t<\/div>\n\t\t\t\t<\/div>\n\t\t\t\t\t<\/div>\n\t\t\t\t<\/div>\n\t\t<div class=\"elementor-element elementor-element-c6989bb e-flex e-con-boxed e-con e-child\" data-id=\"c6989bb\" data-element_type=\"container\" data-e-type=\"container\">\n\t\t\t\t\t<div class=\"e-con-inner\">\n\t\t\t\t<div class=\"elementor-element elementor-element-89bbd5f elementor-invisible elementor-widget elementor-widget-heading\" data-id=\"89bbd5f\" data-element_type=\"widget\" data-e-type=\"widget\" data-settings=\"{&quot;_animation&quot;:&quot;fadeIn&quot;}\" data-widget_type=\"heading.default\">\n\t\t\t\t<div class=\"elementor-widget-container\">\n\t\t\t\t\t<h4 class=\"elementor-heading-title elementor-size-default\">Influencia en el Vino y los Destilados<\/h4>\t\t\t\t<\/div>\n\t\t\t\t<\/div>\n\t\t\t\t<div class=\"elementor-element elementor-element-7f3e066 elementor-widget elementor-widget-text-editor\" data-id=\"7f3e066\" data-element_type=\"widget\" data-e-type=\"widget\" data-widget_type=\"text-editor.default\">\n\t\t\t\t<div class=\"elementor-widget-container\">\n\t\t\t\t\t\t\t\t\t<p>El <strong>roble americano<\/strong> es conocido por aportar sabores y aromas intensos y distintivos. Ofrece notas robustas de vainilla, coco, y especias dulces, as\u00ed como matices de cacao y caf\u00e9. Su efecto en el <strong>vino<\/strong> y <strong>destilados<\/strong> es notorio, contribuyendo al cuerpo y al car\u00e1cter de la bebida.<\/p>\t\t\t\t\t\t\t\t<\/div>\n\t\t\t\t<\/div>\n\t\t\t\t\t<\/div>\n\t\t\t\t<\/div>\n\t\t\t\t\t<\/div>\n\t\t\t\t<\/div>\n\t\t<div class=\"elementor-element elementor-element-eea8cc3 e-flex e-con-boxed elementor-invisible e-con e-child\" data-id=\"eea8cc3\" data-element_type=\"container\" data-e-type=\"container\" data-settings=\"{&quot;background_background&quot;:&quot;classic&quot;,&quot;animation&quot;:&quot;fadeIn&quot;,&quot;animation_delay&quot;:100}\">\n\t\t\t\t\t<div class=\"e-con-inner\">\n\t\t\t\t<div class=\"elementor-element elementor-element-a2d0f86 elementor-widget elementor-widget-spacer\" data-id=\"a2d0f86\" data-element_type=\"widget\" data-e-type=\"widget\" data-widget_type=\"spacer.default\">\n\t\t\t\t<div class=\"elementor-widget-container\">\n\t\t\t\t\t\t\t<div class=\"elementor-spacer\">\n\t\t\t<div class=\"elementor-spacer-inner\"><\/div>\n\t\t<\/div>\n\t\t\t\t\t\t<\/div>\n\t\t\t\t<\/div>\n\t\t\t\t\t<\/div>\n\t\t\t\t<\/div>\n\t\t\t\t<\/div>\n\t\t<div class=\"elementor-element elementor-element-b85243e e-con-full e-flex e-con e-child\" data-id=\"b85243e\" data-element_type=\"container\" data-e-type=\"container\">\n\t\t<div class=\"elementor-element elementor-element-d026ed9 e-flex e-con-boxed elementor-invisible e-con e-child\" data-id=\"d026ed9\" data-element_type=\"container\" data-e-type=\"container\" data-settings=\"{&quot;animation&quot;:&quot;fadeIn&quot;}\">\n\t\t\t\t\t<div class=\"e-con-inner\">\n\t\t\t\t<div class=\"elementor-element elementor-element-8ceed1c elementor-widget elementor-widget-heading\" data-id=\"8ceed1c\" data-element_type=\"widget\" data-e-type=\"widget\" data-widget_type=\"heading.default\">\n\t\t\t\t<div class=\"elementor-widget-container\">\n\t\t\t\t\t<h2 class=\"elementor-heading-title elementor-size-default\">Producci\u00f3n de Toneles de Roble Americano<\/h2>\t\t\t\t<\/div>\n\t\t\t\t<\/div>\n\t\t<div class=\"elementor-element elementor-element-43769e3 e-flex e-con-boxed e-con e-child\" data-id=\"43769e3\" data-element_type=\"container\" data-e-type=\"container\">\n\t\t\t\t\t<div class=\"e-con-inner\">\n\t\t\t\t<div class=\"elementor-element elementor-element-a607b6d elementor-invisible elementor-widget elementor-widget-heading\" data-id=\"a607b6d\" data-element_type=\"widget\" data-e-type=\"widget\" data-settings=\"{&quot;_animation&quot;:&quot;fadeIn&quot;}\" data-widget_type=\"heading.default\">\n\t\t\t\t<div class=\"elementor-widget-container\">\n\t\t\t\t\t<h4 class=\"elementor-heading-title elementor-size-default\">Selecci\u00f3n y cosecha de la madera<\/h4>\t\t\t\t<\/div>\n\t\t\t\t<\/div>\n\t\t\t\t<div class=\"elementor-element elementor-element-75ed612 elementor-widget elementor-widget-text-editor\" data-id=\"75ed612\" data-element_type=\"widget\" data-e-type=\"widget\" data-widget_type=\"text-editor.default\">\n\t\t\t\t<div class=\"elementor-widget-container\">\n\t\t\t\t\t\t\t\t\t<p>La producci\u00f3n de <strong>toneles de roble americano<\/strong> comienza con la selecci\u00f3n meticulosa de los \u00e1rboles de <strong>roble.<\/strong> Estos \u00e1rboles deben ser maduros, saludables y de crecimiento lento para garantizar la calidad de la madera. Tras la cosecha, la madera se seca al aire durante varios meses para eliminar el exceso de humedad y asegurar su estabilidad.<\/p>\t\t\t\t\t\t\t\t<\/div>\n\t\t\t\t<\/div>\n\t\t\t\t\t<\/div>\n\t\t\t\t<\/div>\n\t\t<div class=\"elementor-element elementor-element-5a7fb11 e-flex e-con-boxed e-con e-child\" data-id=\"5a7fb11\" data-element_type=\"container\" data-e-type=\"container\">\n\t\t\t\t\t<div class=\"e-con-inner\">\n\t\t\t\t<div class=\"elementor-element elementor-element-5f36fee elementor-invisible elementor-widget elementor-widget-heading\" data-id=\"5f36fee\" data-element_type=\"widget\" data-e-type=\"widget\" data-settings=\"{&quot;_animation&quot;:&quot;fadeIn&quot;}\" data-widget_type=\"heading.default\">\n\t\t\t\t<div class=\"elementor-widget-container\">\n\t\t\t\t\t<h4 class=\"elementor-heading-title elementor-size-default\">Fabricaci\u00f3n de los Toneles<\/h4>\t\t\t\t<\/div>\n\t\t\t\t<\/div>\n\t\t\t\t<div class=\"elementor-element elementor-element-6820b4d elementor-widget elementor-widget-text-editor\" data-id=\"6820b4d\" data-element_type=\"widget\" data-e-type=\"widget\" data-widget_type=\"text-editor.default\">\n\t\t\t\t<div class=\"elementor-widget-container\">\n\t\t\t\t\t\t\t\t\t<p>En la fabricaci\u00f3n de los <strong>toneles de roble americano<\/strong>, se unen tradici\u00f3n y tecnolog\u00eda. Los <strong>toneles<\/strong> se montan a mano y luego se someten a un proceso de tostado cuidadosamente controlado, que sirve para liberar los compuestos de sabor y aroma de la madera.<\/p>\t\t\t\t\t\t\t\t<\/div>\n\t\t\t\t<\/div>\n\t\t\t\t\t<\/div>\n\t\t\t\t<\/div>\n\t\t\t\t\t<\/div>\n\t\t\t\t<\/div>\n\t\t<div class=\"elementor-element elementor-element-b337ad0 e-flex e-con-boxed elementor-invisible e-con e-child\" data-id=\"b337ad0\" data-element_type=\"container\" data-e-type=\"container\" data-settings=\"{&quot;background_background&quot;:&quot;classic&quot;,&quot;animation&quot;:&quot;fadeIn&quot;,&quot;animation_delay&quot;:100}\">\n\t\t\t\t\t<div class=\"e-con-inner\">\n\t\t\t\t<div class=\"elementor-element elementor-element-110ad99 elementor-widget elementor-widget-spacer\" data-id=\"110ad99\" data-element_type=\"widget\" data-e-type=\"widget\" data-widget_type=\"spacer.default\">\n\t\t\t\t<div class=\"elementor-widget-container\">\n\t\t\t\t\t\t\t<div class=\"elementor-spacer\">\n\t\t\t<div class=\"elementor-spacer-inner\"><\/div>\n\t\t<\/div>\n\t\t\t\t\t\t<\/div>\n\t\t\t\t<\/div>\n\t\t\t\t\t<\/div>\n\t\t\t\t<\/div>\n\t\t\t\t<\/div>\n\t\t\t\t<div class=\"elementor-element elementor-element-8ca20e5 elementor-widget elementor-widget-text-editor\" data-id=\"8ca20e5\" data-element_type=\"widget\" data-e-type=\"widget\" data-widget_type=\"text-editor.default\">\n\t\t\t\t<div class=\"elementor-widget-container\">\n\t\t\t\t\t\t\t\t\t<p>En <strong>Toneler\u00eda Herfe<\/strong>, nos enorgullece nuestra habilidad para producir<strong> toneles de roble americano<\/strong> de la m\u00e1s alta calidad. Con m\u00e1s de 25 a\u00f1os de experiencia en el sector, aplicamos un riguroso control de calidad en cada etapa del proceso, desde la selecci\u00f3n de la madera hasta la fabricaci\u00f3n de los <strong>toneles<\/strong>, garantizando as\u00ed que cada tonel cumple con nuestras altas expectativas de calidad.<\/p>\t\t\t\t\t\t\t\t<\/div>\n\t\t\t\t<\/div>\n\t\t\t\t\t<\/div>\n\t\t\t\t<\/div>\n\t\t\t\t<\/div>","protected":false},"excerpt":{"rendered":"<p>Toneles de Roble Americano Los toneles de roble americano son una elecci\u00f3n popular entre los en\u00f3logos y destiladores de todo el mundo. Este tipo de madera, nativa de Norteam\u00e9rica, aporta caracter\u00edsticas \u00fanicas a las bebidas que se envejecen en ella, realzando su sabor y perfil arom\u00e1tico. Toneler\u00eda Herfe es distribuidora de este tipo de toneles. [&hellip;]<\/p>","protected":false},"author":1,"featured_media":0,"parent":0,"menu_order":0,"comment_status":"closed","ping_status":"closed","template":"elementor_header_footer","meta":{"_acf_changed":false,"footnotes":""},"class_list":["post-1288","page","type-page","status-publish","hentry"],"acf":[],"yoast_head":"<!-- This site is optimized with the Yoast SEO plugin v27.3 - https:\/\/yoast.com\/product\/yoast-seo-wordpress\/ -->\n<title>Toneles de Roble Americano - Toneler\u00eda Herfe<\/title>\n<meta name=\"description\" content=\"Los toneles de roble americano de Toneler\u00eda Herfe son de la m\u00e1s alta calidad. Somos expertos en fabricaci\u00f3n de toneles y distribuimos de manera nacional.\" \/>\n<meta name=\"robots\" content=\"index, follow, max-snippet:-1, max-image-preview:large, max-video-preview:-1\" \/>\n<link rel=\"canonical\" href=\"https:\/\/www.toneleriaherfe.com\/de\/toneles-de-roble-americano\/\" \/>\n<meta property=\"og:locale\" content=\"de_DE\" \/>\n<meta property=\"og:type\" content=\"article\" \/>\n<meta property=\"og:title\" content=\"Toneles de Roble Americano - Toneler\u00eda Herfe\" \/>\n<meta property=\"og:description\" content=\"Los toneles de roble americano de Toneler\u00eda Herfe son de la m\u00e1s alta calidad. Somos expertos en fabricaci\u00f3n de toneles y distribuimos de manera nacional.\" \/>\n<meta property=\"og:url\" content=\"https:\/\/www.toneleriaherfe.com\/de\/toneles-de-roble-americano\/\" \/>\n<meta property=\"og:site_name\" content=\"Toneler\u00eda Herfe\" \/>\n<meta property=\"article:modified_time\" content=\"2024-04-12T22:14:20+00:00\" \/>\n<meta name=\"twitter:card\" content=\"summary_large_image\" \/>\n<meta name=\"twitter:label1\" content=\"Gesch\u00e4tzte Lesezeit\" \/>\n\t<meta name=\"twitter:data1\" content=\"2\u00a0Minuten\" \/>\n<script type=\"application\/ld+json\" class=\"yoast-schema-graph\">{\"@context\":\"https:\\\/\\\/schema.org\",\"@graph\":[{\"@type\":\"WebPage\",\"@id\":\"https:\\\/\\\/www.toneleriaherfe.com\\\/toneles-de-roble-americano\\\/\",\"url\":\"https:\\\/\\\/www.toneleriaherfe.com\\\/toneles-de-roble-americano\\\/\",\"name\":\"Toneles de Roble Americano - Toneler\u00eda Herfe\",\"isPartOf\":{\"@id\":\"https:\\\/\\\/www.toneleriaherfe.com\\\/#website\"},\"datePublished\":\"2024-04-12T02:35:30+00:00\",\"dateModified\":\"2024-04-12T22:14:20+00:00\",\"description\":\"Los toneles de roble americano de Toneler\u00eda Herfe son de la m\u00e1s alta calidad. Somos expertos en fabricaci\u00f3n de toneles y distribuimos de manera nacional.\",\"breadcrumb\":{\"@id\":\"https:\\\/\\\/www.toneleriaherfe.com\\\/toneles-de-roble-americano\\\/#breadcrumb\"},\"inLanguage\":\"de\",\"potentialAction\":[{\"@type\":\"ReadAction\",\"target\":[\"https:\\\/\\\/www.toneleriaherfe.com\\\/toneles-de-roble-americano\\\/\"]}]},{\"@type\":\"BreadcrumbList\",\"@id\":\"https:\\\/\\\/www.toneleriaherfe.com\\\/toneles-de-roble-americano\\\/#breadcrumb\",\"itemListElement\":[{\"@type\":\"ListItem\",\"position\":1,\"name\":\"Portada\",\"item\":\"https:\\\/\\\/www.toneleriaherfe.com\\\/es_es\\\/\"},{\"@type\":\"ListItem\",\"position\":2,\"name\":\"Toneles de Roble Americano\"}]},{\"@type\":\"WebSite\",\"@id\":\"https:\\\/\\\/www.toneleriaherfe.com\\\/#website\",\"url\":\"https:\\\/\\\/www.toneleriaherfe.com\\\/\",\"name\":\"Toneler\u00eda Herfe\",\"description\":\"Fusionando tradici\u00f3n y modernidad en cada barrica que elaboramos\",\"publisher\":{\"@id\":\"https:\\\/\\\/www.toneleriaherfe.com\\\/#organization\"},\"potentialAction\":[{\"@type\":\"SearchAction\",\"target\":{\"@type\":\"EntryPoint\",\"urlTemplate\":\"https:\\\/\\\/www.toneleriaherfe.com\\\/?s={search_term_string}\"},\"query-input\":{\"@type\":\"PropertyValueSpecification\",\"valueRequired\":true,\"valueName\":\"search_term_string\"}}],\"inLanguage\":\"de\"},{\"@type\":\"Organization\",\"@id\":\"https:\\\/\\\/www.toneleriaherfe.com\\\/#organization\",\"name\":\"Toneler\u00eda Herfe\",\"url\":\"https:\\\/\\\/www.toneleriaherfe.com\\\/\",\"logo\":{\"@type\":\"ImageObject\",\"inLanguage\":\"de\",\"@id\":\"https:\\\/\\\/www.toneleriaherfe.com\\\/#\\\/schema\\\/logo\\\/image\\\/\",\"url\":\"https:\\\/\\\/www.toneleriaherfe.com\\\/wp-content\\\/uploads\\\/2024\\\/04\\\/Logo.svg\",\"contentUrl\":\"https:\\\/\\\/www.toneleriaherfe.com\\\/wp-content\\\/uploads\\\/2024\\\/04\\\/Logo.svg\",\"width\":67,\"height\":64,\"caption\":\"Toneler\u00eda Herfe\"},\"image\":{\"@id\":\"https:\\\/\\\/www.toneleriaherfe.com\\\/#\\\/schema\\\/logo\\\/image\\\/\"}}]}<\/script>\n<!-- \/ Yoast SEO plugin. -->","yoast_head_json":{"title":"Toneles de Roble Americano - Toneler\u00eda Herfe","description":"Los toneles de roble americano de Toneler\u00eda Herfe son de la m\u00e1s alta calidad. Somos expertos en fabricaci\u00f3n de toneles y distribuimos de manera nacional.","robots":{"index":"index","follow":"follow","max-snippet":"max-snippet:-1","max-image-preview":"max-image-preview:large","max-video-preview":"max-video-preview:-1"},"canonical":"https:\/\/www.toneleriaherfe.com\/de\/toneles-de-roble-americano\/","og_locale":"de_DE","og_type":"article","og_title":"Toneles de Roble Americano - Toneler\u00eda Herfe","og_description":"Los toneles de roble americano de Toneler\u00eda Herfe son de la m\u00e1s alta calidad. Somos expertos en fabricaci\u00f3n de toneles y distribuimos de manera nacional.","og_url":"https:\/\/www.toneleriaherfe.com\/de\/toneles-de-roble-americano\/","og_site_name":"Toneler\u00eda Herfe","article_modified_time":"2024-04-12T22:14:20+00:00","twitter_card":"summary_large_image","twitter_misc":{"Gesch\u00e4tzte Lesezeit":"2\u00a0Minuten"},"schema":{"@context":"https:\/\/schema.org","@graph":[{"@type":"WebPage","@id":"https:\/\/www.toneleriaherfe.com\/toneles-de-roble-americano\/","url":"https:\/\/www.toneleriaherfe.com\/toneles-de-roble-americano\/","name":"Toneles de Roble Americano - Toneler\u00eda Herfe","isPartOf":{"@id":"https:\/\/www.toneleriaherfe.com\/#website"},"datePublished":"2024-04-12T02:35:30+00:00","dateModified":"2024-04-12T22:14:20+00:00","description":"Los toneles de roble americano de Toneler\u00eda Herfe son de la m\u00e1s alta calidad. Somos expertos en fabricaci\u00f3n de toneles y distribuimos de manera nacional.","breadcrumb":{"@id":"https:\/\/www.toneleriaherfe.com\/toneles-de-roble-americano\/#breadcrumb"},"inLanguage":"de","potentialAction":[{"@type":"ReadAction","target":["https:\/\/www.toneleriaherfe.com\/toneles-de-roble-americano\/"]}]},{"@type":"BreadcrumbList","@id":"https:\/\/www.toneleriaherfe.com\/toneles-de-roble-americano\/#breadcrumb","itemListElement":[{"@type":"ListItem","position":1,"name":"Portada","item":"https:\/\/www.toneleriaherfe.com\/es_es\/"},{"@type":"ListItem","position":2,"name":"Toneles de Roble Americano"}]},{"@type":"WebSite","@id":"https:\/\/www.toneleriaherfe.com\/#website","url":"https:\/\/www.toneleriaherfe.com\/","name":"Toneler\u00eda Herfe","description":"Fusionando tradici\u00f3n y modernidad en cada barrica que elaboramos","publisher":{"@id":"https:\/\/www.toneleriaherfe.com\/#organization"},"potentialAction":[{"@type":"SearchAction","target":{"@type":"EntryPoint","urlTemplate":"https:\/\/www.toneleriaherfe.com\/?s={search_term_string}"},"query-input":{"@type":"PropertyValueSpecification","valueRequired":true,"valueName":"search_term_string"}}],"inLanguage":"de"},{"@type":"Organization","@id":"https:\/\/www.toneleriaherfe.com\/#organization","name":"Toneler\u00eda Herfe","url":"https:\/\/www.toneleriaherfe.com\/","logo":{"@type":"ImageObject","inLanguage":"de","@id":"https:\/\/www.toneleriaherfe.com\/#\/schema\/logo\/image\/","url":"https:\/\/www.toneleriaherfe.com\/wp-content\/uploads\/2024\/04\/Logo.svg","contentUrl":"https:\/\/www.toneleriaherfe.com\/wp-content\/uploads\/2024\/04\/Logo.svg","width":67,"height":64,"caption":"Toneler\u00eda Herfe"},"image":{"@id":"https:\/\/www.toneleriaherfe.com\/#\/schema\/logo\/image\/"}}]}},"_links":{"self":[{"href":"https:\/\/www.toneleriaherfe.com\/de\/wp-json\/wp\/v2\/pages\/1288","targetHints":{"allow":["GET"]}}],"collection":[{"href":"https:\/\/www.toneleriaherfe.com\/de\/wp-json\/wp\/v2\/pages"}],"about":[{"href":"https:\/\/www.toneleriaherfe.com\/de\/wp-json\/wp\/v2\/types\/page"}],"author":[{"embeddable":true,"href":"https:\/\/www.toneleriaherfe.com\/de\/wp-json\/wp\/v2\/users\/1"}],"replies":[{"embeddable":true,"href":"https:\/\/www.toneleriaherfe.com\/de\/wp-json\/wp\/v2\/comments?post=1288"}],"version-history":[{"count":0,"href":"https:\/\/www.toneleriaherfe.com\/de\/wp-json\/wp\/v2\/pages\/1288\/revisions"}],"wp:attachment":[{"href":"https:\/\/www.toneleriaherfe.com\/de\/wp-json\/wp\/v2\/media?parent=1288"}],"curies":[{"name":"wp","href":"https:\/\/api.w.org\/{rel}","templated":true}]}}