
 

{"id":18,"date":"2024-04-09T22:29:58","date_gmt":"2024-04-09T22:29:58","guid":{"rendered":"https:\/\/www.toneleriaherfe.com\/?page_id=18"},"modified":"2026-03-31T10:31:47","modified_gmt":"2026-03-31T10:31:47","slug":"politica-de-calidad","status":"publish","type":"page","link":"https:\/\/www.toneleriaherfe.com\/de\/politica-de-calidad\/","title":{"rendered":"Pol\u00edtica de calidad"},"content":{"rendered":"<div data-elementor-type=\"wp-page\" data-elementor-id=\"18\" class=\"elementor elementor-18\" data-elementor-post-type=\"page\">\n\t\t\t\t<div class=\"elementor-element elementor-element-5d0421a e-flex e-con-boxed e-con e-parent\" data-id=\"5d0421a\" data-element_type=\"container\" data-e-type=\"container\" data-settings=\"{&quot;background_background&quot;:&quot;classic&quot;}\">\n\t\t\t\t\t<div class=\"e-con-inner\">\n\t\t<div class=\"elementor-element elementor-element-59f7d57 e-con-full e-flex elementor-invisible e-con e-child\" data-id=\"59f7d57\" data-element_type=\"container\" data-e-type=\"container\" data-settings=\"{&quot;animation&quot;:&quot;fadeInUp&quot;}\">\n\t\t\t\t<div class=\"elementor-element elementor-element-d6b1efa elementor-widget elementor-widget-heading\" data-id=\"d6b1efa\" data-element_type=\"widget\" data-e-type=\"widget\" data-widget_type=\"heading.default\">\n\t\t\t\t<div class=\"elementor-widget-container\">\n\t\t\t\t\t<h1 class=\"elementor-heading-title elementor-size-default\">Pol\u00edtica de calidad<\/h1>\t\t\t\t<\/div>\n\t\t\t\t<\/div>\n\t\t\t\t<\/div>\n\t\t\t\t\t<\/div>\n\t\t\t\t<\/div>\n\t\t<div class=\"elementor-element elementor-element-c639b5b e-flex e-con-boxed e-con e-parent\" data-id=\"c639b5b\" data-element_type=\"container\" data-e-type=\"container\" data-settings=\"{&quot;background_background&quot;:&quot;classic&quot;}\">\n\t\t\t\t\t<div class=\"e-con-inner\">\n\t\t<div class=\"elementor-element elementor-element-c6737e4 e-con-full e-flex e-con e-child\" data-id=\"c6737e4\" data-element_type=\"container\" data-e-type=\"container\">\n\t\t<div class=\"elementor-element elementor-element-4d6ecc9 animated-slow e-flex e-con-boxed elementor-invisible e-con e-child\" data-id=\"4d6ecc9\" data-element_type=\"container\" data-e-type=\"container\" data-settings=\"{&quot;animation&quot;:&quot;fadeIn&quot;}\">\n\t\t\t\t\t<div class=\"e-con-inner\">\n\t\t\t\t<div class=\"elementor-element elementor-element-cddb579 elementor-widget elementor-widget-heading\" data-id=\"cddb579\" data-element_type=\"widget\" data-e-type=\"widget\" data-widget_type=\"heading.default\">\n\t\t\t\t<div class=\"elementor-widget-container\">\n\t\t\t\t\t<h2 class=\"elementor-heading-title elementor-size-default\">\u201cFabricaci\u00f3n Artesanal de Barricas\u201d<\/h2>\t\t\t\t<\/div>\n\t\t\t\t<\/div>\n\t\t\t\t<div class=\"elementor-element elementor-element-82c2b5e elementor-widget elementor-widget-text-editor\" data-id=\"82c2b5e\" data-element_type=\"widget\" data-e-type=\"widget\" data-widget_type=\"text-editor.default\">\n\t\t\t\t<div class=\"elementor-widget-container\">\n\t\t\t\t\t\t\t\t\t<p>La Direcci\u00f3n de TONELERIA HERFE, se compromete a implantar y mantener un Sistema de Gesti\u00f3n de la Calidad conforme a la norma UNE EN ISO 9001 y muy especialmente a:<br \/><br \/><\/p><ul><li>Trabajamos para superar las expectativas de nuestros Clientes, cumpliendo oportunamente con sus necesidades y requisitos. Contamos con un equipo de trabajo comprometido y capacitado, que asegura el cumplimiento de las especificaciones del producto y mejora continua de los procesos, apoyados en el Sistema de Gesti\u00f3n de Calidad.<\/li><li>Definir, revisar y actualizar sistem\u00e1tica y peri\u00f3dicamente el cumplimiento de esta pol\u00edtica, esta pol\u00edtica proporciona un marco de referencia para el establecimiento de los objetivos y metas descritos, como medio para alcanzar la Mejora Continua.<\/li><li>Planificar las diferentes actividades de formaci\u00f3n para que sus trabajadores reciban los conocimientos necesarios para el cumplimiento de sus funciones y el enriquecimiento profesional de los mismos.<\/li><li>Establecer los mecanismos de comunicaci\u00f3n e informaci\u00f3n necesarios para que todos los miembros de la organizaci\u00f3n se impliquen en la gesti\u00f3n de Calidad.<\/li><li>Tambi\u00e9n se llevar\u00e1 a cabo el cumplimiento de los Requisitos Legales y Reglamentarios que TONELERIA HERFE suscriba, e incluso elevar ese cumplimiento por encima de esos requisitos.<\/li><\/ul>\t\t\t\t\t\t\t\t<\/div>\n\t\t\t\t<\/div>\n\t\t\t\t\t<\/div>\n\t\t\t\t<\/div>\n\t\t\t\t<\/div>\n\t\t\t\t\t<\/div>\n\t\t\t\t<\/div>\n\t\t<div class=\"elementor-element elementor-element-3d2c65e e-flex e-con-boxed e-con e-parent\" data-id=\"3d2c65e\" data-element_type=\"container\" data-e-type=\"container\" data-settings=\"{&quot;background_background&quot;:&quot;classic&quot;}\">\n\t\t\t\t\t<div class=\"e-con-inner\">\n\t\t<div class=\"elementor-element elementor-element-4c77a10 e-con-full e-flex e-con e-child\" data-id=\"4c77a10\" data-element_type=\"container\" data-e-type=\"container\">\n\t\t<div class=\"elementor-element elementor-element-a74d4fa e-grid e-con-full elementor-invisible e-con e-child\" data-id=\"a74d4fa\" data-element_type=\"container\" data-e-type=\"container\" data-settings=\"{&quot;animation&quot;:&quot;fadeInUp&quot;}\">\n\t\t\t\t<div class=\"elementor-element elementor-element-5331357 elementor-widget elementor-widget-image\" data-id=\"5331357\" data-element_type=\"widget\" data-e-type=\"widget\" data-widget_type=\"image.default\">\n\t\t\t\t<div class=\"elementor-widget-container\">\n\t\t\t\t\t\t\t\t\t\t\t\t\t\t\t<img decoding=\"async\" width=\"170\" height=\"79\" src=\"https:\/\/www.toneleriaherfe.com\/wp-content\/uploads\/2024\/04\/Logo-1.svg\" class=\"attachment-large size-large wp-image-386\" alt=\"Logo 1\" \/>\t\t\t\t\t\t\t\t\t\t\t\t\t\t\t<\/div>\n\t\t\t\t<\/div>\n\t\t\t\t<div class=\"elementor-element elementor-element-cc6d467 elementor-widget elementor-widget-image\" data-id=\"cc6d467\" data-element_type=\"widget\" data-e-type=\"widget\" data-widget_type=\"image.default\">\n\t\t\t\t<div class=\"elementor-widget-container\">\n\t\t\t\t\t\t\t\t\t\t\t\t\t\t\t<img decoding=\"async\" width=\"104\" height=\"85\" src=\"https:\/\/www.toneleriaherfe.com\/wp-content\/uploads\/2024\/04\/Logo-2.svg\" class=\"attachment-large size-large wp-image-384\" alt=\"Logo 2\" \/>\t\t\t\t\t\t\t\t\t\t\t\t\t\t\t<\/div>\n\t\t\t\t<\/div>\n\t\t\t\t<div class=\"elementor-element elementor-element-67b49bf elementor-widget elementor-widget-image\" data-id=\"67b49bf\" data-element_type=\"widget\" data-e-type=\"widget\" data-widget_type=\"image.default\">\n\t\t\t\t<div class=\"elementor-widget-container\">\n\t\t\t\t\t\t\t\t\t\t\t\t\t\t\t<img decoding=\"async\" width=\"146\" height=\"89\" src=\"https:\/\/www.toneleriaherfe.com\/wp-content\/uploads\/2024\/04\/Logo-3.svg\" class=\"attachment-large size-large wp-image-383\" alt=\"Logo 3\" \/>\t\t\t\t\t\t\t\t\t\t\t\t\t\t\t<\/div>\n\t\t\t\t<\/div>\n\t\t\t\t<div class=\"elementor-element elementor-element-40e8a7d elementor-widget elementor-widget-image\" data-id=\"40e8a7d\" data-element_type=\"widget\" data-e-type=\"widget\" data-widget_type=\"image.default\">\n\t\t\t\t<div class=\"elementor-widget-container\">\n\t\t\t\t\t\t\t\t\t\t\t\t\t\t\t<img loading=\"lazy\" decoding=\"async\" width=\"198\" height=\"83\" src=\"https:\/\/www.toneleriaherfe.com\/wp-content\/uploads\/2024\/04\/Region-de-Murcia.svg\" class=\"attachment-large size-large wp-image-382\" alt=\"Regi\u00f3n de Murcia\" \/>\t\t\t\t\t\t\t\t\t\t\t\t\t\t\t<\/div>\n\t\t\t\t<\/div>\n\t\t\t\t<div class=\"elementor-element elementor-element-c20755c elementor-hidden-desktop elementor-hidden-laptop elementor-hidden-tablet elementor-hidden-mobile elementor-widget elementor-widget-image\" data-id=\"c20755c\" data-element_type=\"widget\" data-e-type=\"widget\" data-widget_type=\"image.default\">\n\t\t\t\t<div class=\"elementor-widget-container\">\n\t\t\t\t\t\t\t\t\t\t\t\t\t\t\t<img loading=\"lazy\" decoding=\"async\" width=\"170\" height=\"103\" src=\"https:\/\/www.toneleriaherfe.com\/wp-content\/uploads\/2024\/04\/Logo-5.svg\" class=\"attachment-large size-large wp-image-381\" alt=\"Logo 5\" \/>\t\t\t\t\t\t\t\t\t\t\t\t\t\t\t<\/div>\n\t\t\t\t<\/div>\n\t\t\t\t<\/div>\n\t\t\t\t<\/div>\n\t\t\t\t\t<\/div>\n\t\t\t\t<\/div>\n\t\t<div class=\"elementor-element elementor-element-a13afdb e-flex e-con-boxed e-con e-parent\" data-id=\"a13afdb\" data-element_type=\"container\" data-e-type=\"container\" data-settings=\"{&quot;background_background&quot;:&quot;classic&quot;}\">\n\t\t\t\t\t<div class=\"e-con-inner\">\n\t\t<div class=\"elementor-element elementor-element-b6af146 e-con-full e-flex e-con e-child\" data-id=\"b6af146\" data-element_type=\"container\" data-e-type=\"container\">\n\t\t<div class=\"elementor-element elementor-element-ba11915 animated-slow e-flex e-con-boxed elementor-invisible e-con e-child\" data-id=\"ba11915\" data-element_type=\"container\" data-e-type=\"container\" data-settings=\"{&quot;animation&quot;:&quot;fadeIn&quot;}\">\n\t\t\t\t\t<div class=\"e-con-inner\">\n\t\t\t\t<div class=\"elementor-element elementor-element-f36bb3f elementor-widget elementor-widget-heading\" data-id=\"f36bb3f\" data-element_type=\"widget\" data-e-type=\"widget\" data-widget_type=\"heading.default\">\n\t\t\t\t<div class=\"elementor-widget-container\">\n\t\t\t\t\t<h2 class=\"elementor-heading-title elementor-size-default\">COMPROMISO CON LA CADENA DE CUSTODIA PEFC\/14-35-00562\n<\/h2>\t\t\t\t<\/div>\n\t\t\t\t<\/div>\n\t\t\t\t<div class=\"elementor-element elementor-element-266cbad elementor-widget elementor-widget-text-editor\" data-id=\"266cbad\" data-element_type=\"widget\" data-e-type=\"widget\" data-widget_type=\"text-editor.default\">\n\t\t\t\t<div class=\"elementor-widget-container\">\n\t\t\t\t\t\t\t\t\t<p class=\"p1\">La actividad principal de TONELERIA HERFE es la de Producci\u00f3n de Barricas de Madera, desde la fabricaci\u00f3n hasta la distribuci\u00f3n, utilizando entre nuestras materias primas de madera y metal, materiales de origen forestal. Desde nuestro nacimiento, nuestra empresa est\u00e1 comprometida con el uso de estos productos como material sostenible y de alta calidad. As\u00ed mismo, nuestra pol\u00edtica siempre ha sido la de tender a la excelencia en nuestros procesos, as\u00ed como en el cuidado de nuestros trabajadores, lo que se traduce en una mejora continua de sus condiciones de seguridad y salud.<\/p><p class=\"p1\">A este compromiso queremos a\u00f1adir el de implantar y mantener el esquema de certificaci\u00f3n en Cadena de Custodia PEFC, conforme a sus Est\u00e1ndares y Reglas de Uso de la Marca en vigor, para promover el consumo de papel procedente de bosques bien gestionados, es decir: de forma medioambientalmente responsable, socialmente beneficiosa y t\u00e9cnicamente viable.<\/p><p class=\"p1\">Pretendemos tambi\u00e9n con ello satisfacer la demanda de nuestros clientes, conscientes como nosotros de la necesidad de promover estos est\u00e1ndares y hacer llegar su mensaje al consumidor.<\/p><p class=\"p4\">Pretendemos tambi\u00e9n comprometernos con los valores que promueve la Pol\u00edtica PEFC declarando p\u00fablicamente no estar implicados de forma directa o indirecta en:<span class=\"Apple-converted-space\">\u00a0<\/span><\/p><p class=\"p5\">a) El comercio ilegal de madera o productos derivados<span class=\"Apple-converted-space\">\u00a0<\/span><\/p><p class=\"p5\">b) La violaci\u00f3n de derechos humanos o tradicionales en explotaciones forestales<span class=\"Apple-converted-space\">\u00a0<\/span><\/p><p class=\"p5\">c) La destrucci\u00f3n de altos valores de conservaci\u00f3n<span class=\"Apple-converted-space\">\u00a0<\/span><\/p><p class=\"p5\">d) La conversi\u00f3n de bosques naturales en plantaciones u otros usos<span class=\"Apple-converted-space\">\u00a0<\/span><\/p><p class=\"p5\">e) La introducci\u00f3n de organismos gen\u00e9ticamente modificados en la gesti\u00f3n forestal<span class=\"Apple-converted-space\">\u00a0<\/span><\/p><p class=\"p5\">f) La violaci\u00f3n de las Convenciones de la OIT y de los requisitos sociales y de seguridad y salud en el trabajo que esta organizaci\u00f3n promueve:<span class=\"Apple-converted-space\">\u00a0<\/span><\/p><p class=\"p5\">&#8211; No impedir a los trabajadores asociarse libremente, elegir a sus representantes ni negociar colectivamente con la empresa<span class=\"Apple-converted-space\">\u00a0<\/span><\/p><p class=\"p5\">&#8211; No impedir la igualdad de oportunidades y de tratos a los trabajadores<span class=\"Apple-converted-space\">\u00a0<\/span><\/p><p class=\"p4\">&#8211; Detectar, controlar y prevenir que las condiciones de trabajo pongan en peligro la seguridad o salud de los trabajadores.<span class=\"Apple-converted-space\">\u00a0<\/span><\/p><p class=\"p4\">Este compromiso ser\u00e1 difundido entre los empleados, los proveedores y los clientes de TONELERIA HERFE y se har\u00e1 llegar a cualquier otra parte interesada que lo solicite.<span class=\"Apple-converted-space\">\u00a0<\/span><\/p><p class=\"p1\">Asimismo, se informar\u00e1 a quien lo requiera sobre los productos PEFC que TONELERIA HERFE puede ofrecer, sobre el alcance de su Sistema de Cadena de Custodia<\/p><p class=\"p1\">Este compromiso ser\u00e1 difundido entre los empleados, los proveedores y los clientes de TONELERIA HERFE, y se har\u00e1 llegar a cualquier otra parte interesada que lo solicite.<\/p><p class=\"p1\">Asimismo, se informar\u00e1 a quien lo requiera sobre los productos certificados que TONELERIA HERFE puede ofrecer y sobre nuestro procedimiento de recepci\u00f3n de comentarios, quejas o reclamaciones.<\/p><p><strong>Revisi\u00f3n: 1 Febrero 2018<\/strong><\/p>\t\t\t\t\t\t\t\t<\/div>\n\t\t\t\t<\/div>\n\t\t\t\t\t<\/div>\n\t\t\t\t<\/div>\n\t\t\t\t<\/div>\n\t\t\t\t\t<\/div>\n\t\t\t\t<\/div>\n\t\t\t\t<\/div>","protected":false},"excerpt":{"rendered":"<p>Pol\u00edtica de calidad \u201cFabricaci\u00f3n Artesanal de Barricas\u201d La Direcci\u00f3n de TONELERIA HERFE, se compromete a implantar y mantener un Sistema de Gesti\u00f3n de la Calidad conforme a la norma UNE EN ISO 9001 y muy especialmente a: Trabajamos para superar las expectativas de nuestros Clientes, cumpliendo oportunamente con sus necesidades y requisitos. Contamos con un [&hellip;]<\/p>","protected":false},"author":1,"featured_media":0,"parent":0,"menu_order":0,"comment_status":"closed","ping_status":"closed","template":"elementor_header_footer","meta":{"_acf_changed":false,"footnotes":""},"class_list":["post-18","page","type-page","status-publish","hentry"],"acf":[],"yoast_head":"<!-- This site is optimized with the Yoast SEO plugin v27.4 - https:\/\/yoast.com\/product\/yoast-seo-wordpress\/ -->\n<title>Pol\u00edtica de calidad - Toneler\u00eda Herfe<\/title>\n<meta name=\"robots\" content=\"index, follow, max-snippet:-1, max-image-preview:large, max-video-preview:-1\" \/>\n<link rel=\"canonical\" href=\"https:\/\/www.toneleriaherfe.com\/de\/politica-de-calidad\/\" \/>\n<meta property=\"og:locale\" content=\"de_DE\" \/>\n<meta property=\"og:type\" content=\"article\" \/>\n<meta property=\"og:title\" content=\"Pol\u00edtica de calidad - Toneler\u00eda Herfe\" \/>\n<meta property=\"og:description\" content=\"Pol\u00edtica de calidad \u201cFabricaci\u00f3n Artesanal de Barricas\u201d La Direcci\u00f3n de TONELERIA HERFE, se compromete a implantar y mantener un Sistema de Gesti\u00f3n de la Calidad conforme a la norma UNE EN ISO 9001 y muy especialmente a: Trabajamos para superar las expectativas de nuestros Clientes, cumpliendo oportunamente con sus necesidades y requisitos. Contamos con un [&hellip;]\" \/>\n<meta property=\"og:url\" content=\"https:\/\/www.toneleriaherfe.com\/de\/politica-de-calidad\/\" \/>\n<meta property=\"og:site_name\" content=\"Toneler\u00eda Herfe\" \/>\n<meta property=\"article:modified_time\" content=\"2026-03-31T10:31:47+00:00\" \/>\n<meta name=\"twitter:card\" content=\"summary_large_image\" \/>\n<meta name=\"twitter:label1\" content=\"Gesch\u00e4tzte Lesezeit\" \/>\n\t<meta name=\"twitter:data1\" content=\"4\u00a0Minuten\" \/>\n<script type=\"application\/ld+json\" class=\"yoast-schema-graph\">{\"@context\":\"https:\\\/\\\/schema.org\",\"@graph\":[{\"@type\":\"WebPage\",\"@id\":\"https:\\\/\\\/www.toneleriaherfe.com\\\/politica-de-calidad\\\/\",\"url\":\"https:\\\/\\\/www.toneleriaherfe.com\\\/politica-de-calidad\\\/\",\"name\":\"Pol\u00edtica de calidad - Toneler\u00eda Herfe\",\"isPartOf\":{\"@id\":\"https:\\\/\\\/www.toneleriaherfe.com\\\/#website\"},\"primaryImageOfPage\":{\"@id\":\"https:\\\/\\\/www.toneleriaherfe.com\\\/politica-de-calidad\\\/#primaryimage\"},\"image\":{\"@id\":\"https:\\\/\\\/www.toneleriaherfe.com\\\/politica-de-calidad\\\/#primaryimage\"},\"thumbnailUrl\":\"https:\\\/\\\/www.toneleriaherfe.com\\\/wp-content\\\/uploads\\\/2024\\\/04\\\/Logo-1.svg\",\"datePublished\":\"2024-04-09T22:29:58+00:00\",\"dateModified\":\"2026-03-31T10:31:47+00:00\",\"breadcrumb\":{\"@id\":\"https:\\\/\\\/www.toneleriaherfe.com\\\/politica-de-calidad\\\/#breadcrumb\"},\"inLanguage\":\"de\",\"potentialAction\":[{\"@type\":\"ReadAction\",\"target\":[\"https:\\\/\\\/www.toneleriaherfe.com\\\/politica-de-calidad\\\/\"]}]},{\"@type\":\"ImageObject\",\"inLanguage\":\"de\",\"@id\":\"https:\\\/\\\/www.toneleriaherfe.com\\\/politica-de-calidad\\\/#primaryimage\",\"url\":\"https:\\\/\\\/www.toneleriaherfe.com\\\/wp-content\\\/uploads\\\/2024\\\/04\\\/Logo-1.svg\",\"contentUrl\":\"https:\\\/\\\/www.toneleriaherfe.com\\\/wp-content\\\/uploads\\\/2024\\\/04\\\/Logo-1.svg\"},{\"@type\":\"BreadcrumbList\",\"@id\":\"https:\\\/\\\/www.toneleriaherfe.com\\\/politica-de-calidad\\\/#breadcrumb\",\"itemListElement\":[{\"@type\":\"ListItem\",\"position\":1,\"name\":\"Portada\",\"item\":\"https:\\\/\\\/www.toneleriaherfe.com\\\/\"},{\"@type\":\"ListItem\",\"position\":2,\"name\":\"Pol\u00edtica de calidad\"}]},{\"@type\":\"WebSite\",\"@id\":\"https:\\\/\\\/www.toneleriaherfe.com\\\/#website\",\"url\":\"https:\\\/\\\/www.toneleriaherfe.com\\\/\",\"name\":\"Toneler\u00eda Herfe\",\"description\":\"Fusionando tradici\u00f3n y modernidad en cada barrica que elaboramos\",\"publisher\":{\"@id\":\"https:\\\/\\\/www.toneleriaherfe.com\\\/#organization\"},\"potentialAction\":[{\"@type\":\"SearchAction\",\"target\":{\"@type\":\"EntryPoint\",\"urlTemplate\":\"https:\\\/\\\/www.toneleriaherfe.com\\\/?s={search_term_string}\"},\"query-input\":{\"@type\":\"PropertyValueSpecification\",\"valueRequired\":true,\"valueName\":\"search_term_string\"}}],\"inLanguage\":\"de\"},{\"@type\":\"Organization\",\"@id\":\"https:\\\/\\\/www.toneleriaherfe.com\\\/#organization\",\"name\":\"Toneler\u00eda Herfe\",\"url\":\"https:\\\/\\\/www.toneleriaherfe.com\\\/\",\"logo\":{\"@type\":\"ImageObject\",\"inLanguage\":\"de\",\"@id\":\"https:\\\/\\\/www.toneleriaherfe.com\\\/#\\\/schema\\\/logo\\\/image\\\/\",\"url\":\"https:\\\/\\\/www.toneleriaherfe.com\\\/wp-content\\\/uploads\\\/2024\\\/04\\\/Logo.svg\",\"contentUrl\":\"https:\\\/\\\/www.toneleriaherfe.com\\\/wp-content\\\/uploads\\\/2024\\\/04\\\/Logo.svg\",\"width\":67,\"height\":64,\"caption\":\"Toneler\u00eda Herfe\"},\"image\":{\"@id\":\"https:\\\/\\\/www.toneleriaherfe.com\\\/#\\\/schema\\\/logo\\\/image\\\/\"}}]}<\/script>\n<!-- \/ Yoast SEO plugin. -->","yoast_head_json":{"title":"Pol\u00edtica de calidad - Toneler\u00eda Herfe","robots":{"index":"index","follow":"follow","max-snippet":"max-snippet:-1","max-image-preview":"max-image-preview:large","max-video-preview":"max-video-preview:-1"},"canonical":"https:\/\/www.toneleriaherfe.com\/de\/politica-de-calidad\/","og_locale":"de_DE","og_type":"article","og_title":"Pol\u00edtica de calidad - Toneler\u00eda Herfe","og_description":"Pol\u00edtica de calidad \u201cFabricaci\u00f3n Artesanal de Barricas\u201d La Direcci\u00f3n de TONELERIA HERFE, se compromete a implantar y mantener un Sistema de Gesti\u00f3n de la Calidad conforme a la norma UNE EN ISO 9001 y muy especialmente a: Trabajamos para superar las expectativas de nuestros Clientes, cumpliendo oportunamente con sus necesidades y requisitos. Contamos con un [&hellip;]","og_url":"https:\/\/www.toneleriaherfe.com\/de\/politica-de-calidad\/","og_site_name":"Toneler\u00eda Herfe","article_modified_time":"2026-03-31T10:31:47+00:00","twitter_card":"summary_large_image","twitter_misc":{"Gesch\u00e4tzte Lesezeit":"4\u00a0Minuten"},"schema":{"@context":"https:\/\/schema.org","@graph":[{"@type":"WebPage","@id":"https:\/\/www.toneleriaherfe.com\/politica-de-calidad\/","url":"https:\/\/www.toneleriaherfe.com\/politica-de-calidad\/","name":"Pol\u00edtica de calidad - Toneler\u00eda Herfe","isPartOf":{"@id":"https:\/\/www.toneleriaherfe.com\/#website"},"primaryImageOfPage":{"@id":"https:\/\/www.toneleriaherfe.com\/politica-de-calidad\/#primaryimage"},"image":{"@id":"https:\/\/www.toneleriaherfe.com\/politica-de-calidad\/#primaryimage"},"thumbnailUrl":"https:\/\/www.toneleriaherfe.com\/wp-content\/uploads\/2024\/04\/Logo-1.svg","datePublished":"2024-04-09T22:29:58+00:00","dateModified":"2026-03-31T10:31:47+00:00","breadcrumb":{"@id":"https:\/\/www.toneleriaherfe.com\/politica-de-calidad\/#breadcrumb"},"inLanguage":"de","potentialAction":[{"@type":"ReadAction","target":["https:\/\/www.toneleriaherfe.com\/politica-de-calidad\/"]}]},{"@type":"ImageObject","inLanguage":"de","@id":"https:\/\/www.toneleriaherfe.com\/politica-de-calidad\/#primaryimage","url":"https:\/\/www.toneleriaherfe.com\/wp-content\/uploads\/2024\/04\/Logo-1.svg","contentUrl":"https:\/\/www.toneleriaherfe.com\/wp-content\/uploads\/2024\/04\/Logo-1.svg"},{"@type":"BreadcrumbList","@id":"https:\/\/www.toneleriaherfe.com\/politica-de-calidad\/#breadcrumb","itemListElement":[{"@type":"ListItem","position":1,"name":"Portada","item":"https:\/\/www.toneleriaherfe.com\/"},{"@type":"ListItem","position":2,"name":"Pol\u00edtica de calidad"}]},{"@type":"WebSite","@id":"https:\/\/www.toneleriaherfe.com\/#website","url":"https:\/\/www.toneleriaherfe.com\/","name":"Toneler\u00eda Herfe","description":"Fusionando tradici\u00f3n y modernidad en cada barrica que elaboramos","publisher":{"@id":"https:\/\/www.toneleriaherfe.com\/#organization"},"potentialAction":[{"@type":"SearchAction","target":{"@type":"EntryPoint","urlTemplate":"https:\/\/www.toneleriaherfe.com\/?s={search_term_string}"},"query-input":{"@type":"PropertyValueSpecification","valueRequired":true,"valueName":"search_term_string"}}],"inLanguage":"de"},{"@type":"Organization","@id":"https:\/\/www.toneleriaherfe.com\/#organization","name":"Toneler\u00eda Herfe","url":"https:\/\/www.toneleriaherfe.com\/","logo":{"@type":"ImageObject","inLanguage":"de","@id":"https:\/\/www.toneleriaherfe.com\/#\/schema\/logo\/image\/","url":"https:\/\/www.toneleriaherfe.com\/wp-content\/uploads\/2024\/04\/Logo.svg","contentUrl":"https:\/\/www.toneleriaherfe.com\/wp-content\/uploads\/2024\/04\/Logo.svg","width":67,"height":64,"caption":"Toneler\u00eda Herfe"},"image":{"@id":"https:\/\/www.toneleriaherfe.com\/#\/schema\/logo\/image\/"}}]}},"_links":{"self":[{"href":"https:\/\/www.toneleriaherfe.com\/de\/wp-json\/wp\/v2\/pages\/18","targetHints":{"allow":["GET"]}}],"collection":[{"href":"https:\/\/www.toneleriaherfe.com\/de\/wp-json\/wp\/v2\/pages"}],"about":[{"href":"https:\/\/www.toneleriaherfe.com\/de\/wp-json\/wp\/v2\/types\/page"}],"author":[{"embeddable":true,"href":"https:\/\/www.toneleriaherfe.com\/de\/wp-json\/wp\/v2\/users\/1"}],"replies":[{"embeddable":true,"href":"https:\/\/www.toneleriaherfe.com\/de\/wp-json\/wp\/v2\/comments?post=18"}],"version-history":[{"count":31,"href":"https:\/\/www.toneleriaherfe.com\/de\/wp-json\/wp\/v2\/pages\/18\/revisions"}],"predecessor-version":[{"id":2209,"href":"https:\/\/www.toneleriaherfe.com\/de\/wp-json\/wp\/v2\/pages\/18\/revisions\/2209"}],"wp:attachment":[{"href":"https:\/\/www.toneleriaherfe.com\/de\/wp-json\/wp\/v2\/media?parent=18"}],"curies":[{"name":"wp","href":"https:\/\/api.w.org\/{rel}","templated":true}]}}