
 

{"id":3,"date":"2024-04-09T21:51:37","date_gmt":"2024-04-09T21:51:37","guid":{"rendered":"https:\/\/www.toneleriaherfe.com\/?page_id=3"},"modified":"2024-05-20T08:17:41","modified_gmt":"2024-05-20T08:17:41","slug":"privacy-policy","status":"publish","type":"page","link":"https:\/\/www.toneleriaherfe.com\/en\/privacy-policy\/","title":{"rendered":"Privacy Policy"},"content":{"rendered":"<div data-elementor-type=\"wp-page\" data-elementor-id=\"3\" class=\"elementor elementor-3\" data-elementor-post-type=\"page\">\n\t\t\t\t<div class=\"elementor-element elementor-element-9042442 e-flex e-con-boxed e-con e-parent\" data-id=\"9042442\" data-element_type=\"container\" data-e-type=\"container\">\n\t\t\t\t\t<div class=\"e-con-inner\">\n\t\t\t\t<div class=\"elementor-element elementor-element-81cce4b elementor-widget elementor-widget-text-editor\" data-id=\"81cce4b\" data-element_type=\"widget\" data-e-type=\"widget\" data-widget_type=\"text-editor.default\">\n\t\t\t\t<div class=\"elementor-widget-container\">\n\t\t\t\t\t\t\t\t\t<p><strong>FINALIDAD DE LA P\u00c1GINA WEB.<\/strong><br \/>Aqu\u00ed debe describir la finalidad o actividad de la web o de la entidad. Precios de los productos o<br \/>servicios que se ofrecen a trav\u00e9s de la web, con indicaci\u00f3n de los impuestos y gastos de env\u00edo.<br \/>El presente aviso legal (en adelante, el \u00abAviso Legal\u00bb) regula el uso del sitio web:<br \/>www.toneleriaherfe.com<br \/><strong>LEGISLACI\u00d3N.<\/strong><br \/>Con car\u00e1cter general las relaciones entre TONELERIA HERFE, S.L. y los Usuarios de sus servicios<br \/>telem\u00e1ticos, presentes en este sitio web, se encuentran sometidas a la legislaci\u00f3n y jurisdicci\u00f3n<br \/>espa\u00f1olas.<br \/><strong>USO Y ACCESO DE USUARIOS.<\/strong><br \/>El Usuario queda informado, y acepta, que el acceso a la presente web no supone, en modo alguno,<br \/>el inicio de una relaci\u00f3n comercial con TONELERIA HERFE, S.L. o cualquiera de sus delegaciones.<br \/><strong>PROPIEDAD INTELECTUAL E INDUSTRIAL<\/strong>.<br \/>Los derechos de propiedad intelectual del contenido de las p\u00e1ginas web, su dise\u00f1o gr\u00e1fico y<br \/>c\u00f3digos son titularidad de TONELERIA HERFE, S.L. y, por tanto, queda prohibida su reproducci\u00f3n,<br \/>distribuci\u00f3n, comunicaci\u00f3n p\u00fablica, transformaci\u00f3n o cualquier otra actividad que se pueda realizar<br \/>con los contenidos de sus p\u00e1ginas web ni aun citando las fuentes, salvo consentimiento por escrito<br \/>de TONELERIA HERFE, S.L. .<br \/><strong>CONTENIDO DE LA WEB Y ENLACES (LINKS).<\/strong><br \/>TONELERIA HERFE, S.L. se reserva el derecho a actualizar, modificar o eliminar la informaci\u00f3n<br \/>contenida en sus p\u00e1ginas web pudiendo incluso limitar o no permitir el acceso a dicha informaci\u00f3n<br \/>a ciertos usuarios.<br \/>TONELERIA HERFE, S.L. no asume responsabilidad alguna por la informaci\u00f3n contenida en<br \/>p\u00e1ginas web de terceros a las que se pueda acceder por \u00ablinks\u00bb o enlaces desde cualquier p\u00e1gina<\/p>\n<p>CONDATOS IDE, S.L. &#8211; 868 680 830 &#8211; www.grupoideamurcia.com &#8211; Versi\u00f3n: 2 Fecha: 23\/09\/2022 P\u00e1gina web LSSICE &#8211; P\u00e1g. 6<br \/>DOCUMENTO DE SEGURIDAD TONELERIA HERFE, S.L.<\/p>\n<p>web propiedad de TONELERIA HERFE, S.L. . La presencia de \u00ablinks\u00bb o enlaces en las p\u00e1ginas web<br \/>de TONELERIA HERFE, S.L. tiene finalidad meramente informativa y en ning\u00fan caso supone<br \/>sugerencia, invitaci\u00f3n o recomendaci\u00f3n sobre los mismos.<br \/>_______________________________<br \/>Otros datos a incluir en la web dependiendo del servicio o producto ofrecido por la empresa:<br \/>&#8211; C\u00f3digos de conducta a que est\u00e9n adheridas.<br \/>&#8211; Datos relativos a la autorizaci\u00f3n administrativa necesaria para el ejercicio de la actividad.<br \/>&#8211; Datos de colegiaci\u00f3n y t\u00edtulo acad\u00e9mico de profesionales que ejerzan una actividad regulada.<br \/>&#8211; Informaci\u00f3n adicional cuando al servicio se acceda mediante un n\u00famero de tel\u00e9fono de tarificaci\u00f3n<br \/>adicional.<br \/>&#8211; Si adem\u00e1s realiza contratos on-line deber\u00e1 a\u00f1adir la siguiente informaci\u00f3n con car\u00e1cter previo al proceso<br \/>de contrataci\u00f3n:<br \/>* Tr\u00e1mites que deben seguirse para contratar on-line.<br \/>* Si el documento electr\u00f3nico del contrato se va a archivar y si \u00e9ste ser\u00e1 accesible.<br \/>* Medios t\u00e9cnicos para identificar y corregir errores en la introducci\u00f3n de datos.<br \/>* Lengua o lenguas en que podr\u00e1 formalizarse el contrato.<br \/>* Condiciones generales a que, en su caso, se sujete el contrato.<br \/>* Confirmar la celebraci\u00f3n del contrato por v\u00eda electr\u00f3nica, mediante el env\u00edo de un acuse de recibo del<br \/>pedido realizado.<\/p>\n<p>.<\/p>\t\t\t\t\t\t\t\t<\/div>\n\t\t\t\t<\/div>\n\t\t\t\t\t<\/div>\n\t\t\t\t<\/div>\n\t\t\t\t<\/div>","protected":false},"excerpt":{"rendered":"<p>FINALIDAD DE LA P\u00c1GINA WEB.Aqu\u00ed debe describir la finalidad o actividad de la web o de la entidad. Precios de los productos oservicios que se ofrecen a trav\u00e9s de la web, con indicaci\u00f3n de los impuestos y gastos de env\u00edo.El presente aviso legal (en adelante, el \u00abAviso Legal\u00bb) regula el uso del sitio web:www.toneleriaherfe.comLEGISLACI\u00d3N.Con car\u00e1cter [&hellip;]<\/p>","protected":false},"author":1,"featured_media":0,"parent":0,"menu_order":0,"comment_status":"closed","ping_status":"open","template":"","meta":{"_acf_changed":false,"footnotes":""},"class_list":["post-3","page","type-page","status-publish","hentry"],"acf":[],"yoast_head":"<!-- This site is optimized with the Yoast SEO plugin v27.4 - https:\/\/yoast.com\/product\/yoast-seo-wordpress\/ -->\n<title>Privacy Policy - Toneler\u00eda Herfe<\/title>\n<meta name=\"robots\" content=\"index, follow, max-snippet:-1, max-image-preview:large, max-video-preview:-1\" \/>\n<link rel=\"canonical\" href=\"https:\/\/www.toneleriaherfe.com\/en\/privacy-policy\/\" \/>\n<meta property=\"og:locale\" content=\"en_GB\" \/>\n<meta property=\"og:type\" content=\"article\" \/>\n<meta property=\"og:title\" content=\"Privacy Policy - Toneler\u00eda Herfe\" \/>\n<meta property=\"og:description\" content=\"FINALIDAD DE LA P\u00c1GINA WEB.Aqu\u00ed debe describir la finalidad o actividad de la web o de la entidad. Precios de los productos oservicios que se ofrecen a trav\u00e9s de la web, con indicaci\u00f3n de los impuestos y gastos de env\u00edo.El presente aviso legal (en adelante, el \u00abAviso Legal\u00bb) regula el uso del sitio web:www.toneleriaherfe.comLEGISLACI\u00d3N.Con car\u00e1cter [&hellip;]\" \/>\n<meta property=\"og:url\" content=\"https:\/\/www.toneleriaherfe.com\/en\/privacy-policy\/\" \/>\n<meta property=\"og:site_name\" content=\"Toneler\u00eda Herfe\" \/>\n<meta property=\"article:modified_time\" content=\"2024-05-20T08:17:41+00:00\" \/>\n<meta name=\"twitter:card\" content=\"summary_large_image\" \/>\n<meta name=\"twitter:label1\" content=\"Estimated reading time\" \/>\n\t<meta name=\"twitter:data1\" content=\"3 minutes\" \/>\n<script type=\"application\/ld+json\" class=\"yoast-schema-graph\">{\"@context\":\"https:\\\/\\\/schema.org\",\"@graph\":[{\"@type\":\"WebPage\",\"@id\":\"https:\\\/\\\/www.toneleriaherfe.com\\\/privacy-policy\\\/\",\"url\":\"https:\\\/\\\/www.toneleriaherfe.com\\\/privacy-policy\\\/\",\"name\":\"Privacy Policy - Toneler\u00eda Herfe\",\"isPartOf\":{\"@id\":\"https:\\\/\\\/www.toneleriaherfe.com\\\/#website\"},\"datePublished\":\"2024-04-09T21:51:37+00:00\",\"dateModified\":\"2024-05-20T08:17:41+00:00\",\"breadcrumb\":{\"@id\":\"https:\\\/\\\/www.toneleriaherfe.com\\\/privacy-policy\\\/#breadcrumb\"},\"inLanguage\":\"en-GB\",\"potentialAction\":[{\"@type\":\"ReadAction\",\"target\":[\"https:\\\/\\\/www.toneleriaherfe.com\\\/privacy-policy\\\/\"]}]},{\"@type\":\"BreadcrumbList\",\"@id\":\"https:\\\/\\\/www.toneleriaherfe.com\\\/privacy-policy\\\/#breadcrumb\",\"itemListElement\":[{\"@type\":\"ListItem\",\"position\":1,\"name\":\"Portada\",\"item\":\"https:\\\/\\\/www.toneleriaherfe.com\\\/\"},{\"@type\":\"ListItem\",\"position\":2,\"name\":\"Privacy Policy\"}]},{\"@type\":\"WebSite\",\"@id\":\"https:\\\/\\\/www.toneleriaherfe.com\\\/#website\",\"url\":\"https:\\\/\\\/www.toneleriaherfe.com\\\/\",\"name\":\"Toneler\u00eda Herfe\",\"description\":\"Fusionando tradici\u00f3n y modernidad en cada barrica que elaboramos\",\"publisher\":{\"@id\":\"https:\\\/\\\/www.toneleriaherfe.com\\\/#organization\"},\"potentialAction\":[{\"@type\":\"SearchAction\",\"target\":{\"@type\":\"EntryPoint\",\"urlTemplate\":\"https:\\\/\\\/www.toneleriaherfe.com\\\/?s={search_term_string}\"},\"query-input\":{\"@type\":\"PropertyValueSpecification\",\"valueRequired\":true,\"valueName\":\"search_term_string\"}}],\"inLanguage\":\"en-GB\"},{\"@type\":\"Organization\",\"@id\":\"https:\\\/\\\/www.toneleriaherfe.com\\\/#organization\",\"name\":\"Toneler\u00eda Herfe\",\"url\":\"https:\\\/\\\/www.toneleriaherfe.com\\\/\",\"logo\":{\"@type\":\"ImageObject\",\"inLanguage\":\"en-GB\",\"@id\":\"https:\\\/\\\/www.toneleriaherfe.com\\\/#\\\/schema\\\/logo\\\/image\\\/\",\"url\":\"https:\\\/\\\/www.toneleriaherfe.com\\\/wp-content\\\/uploads\\\/2024\\\/04\\\/Logo.svg\",\"contentUrl\":\"https:\\\/\\\/www.toneleriaherfe.com\\\/wp-content\\\/uploads\\\/2024\\\/04\\\/Logo.svg\",\"width\":67,\"height\":64,\"caption\":\"Toneler\u00eda Herfe\"},\"image\":{\"@id\":\"https:\\\/\\\/www.toneleriaherfe.com\\\/#\\\/schema\\\/logo\\\/image\\\/\"}}]}<\/script>\n<!-- \/ Yoast SEO plugin. -->","yoast_head_json":{"title":"Privacy Policy - Toneler\u00eda Herfe","robots":{"index":"index","follow":"follow","max-snippet":"max-snippet:-1","max-image-preview":"max-image-preview:large","max-video-preview":"max-video-preview:-1"},"canonical":"https:\/\/www.toneleriaherfe.com\/en\/privacy-policy\/","og_locale":"en_GB","og_type":"article","og_title":"Privacy Policy - Toneler\u00eda Herfe","og_description":"FINALIDAD DE LA P\u00c1GINA WEB.Aqu\u00ed debe describir la finalidad o actividad de la web o de la entidad. Precios de los productos oservicios que se ofrecen a trav\u00e9s de la web, con indicaci\u00f3n de los impuestos y gastos de env\u00edo.El presente aviso legal (en adelante, el \u00abAviso Legal\u00bb) regula el uso del sitio web:www.toneleriaherfe.comLEGISLACI\u00d3N.Con car\u00e1cter [&hellip;]","og_url":"https:\/\/www.toneleriaherfe.com\/en\/privacy-policy\/","og_site_name":"Toneler\u00eda Herfe","article_modified_time":"2024-05-20T08:17:41+00:00","twitter_card":"summary_large_image","twitter_misc":{"Estimated reading time":"3 minutes"},"schema":{"@context":"https:\/\/schema.org","@graph":[{"@type":"WebPage","@id":"https:\/\/www.toneleriaherfe.com\/privacy-policy\/","url":"https:\/\/www.toneleriaherfe.com\/privacy-policy\/","name":"Privacy Policy - Toneler\u00eda Herfe","isPartOf":{"@id":"https:\/\/www.toneleriaherfe.com\/#website"},"datePublished":"2024-04-09T21:51:37+00:00","dateModified":"2024-05-20T08:17:41+00:00","breadcrumb":{"@id":"https:\/\/www.toneleriaherfe.com\/privacy-policy\/#breadcrumb"},"inLanguage":"en-GB","potentialAction":[{"@type":"ReadAction","target":["https:\/\/www.toneleriaherfe.com\/privacy-policy\/"]}]},{"@type":"BreadcrumbList","@id":"https:\/\/www.toneleriaherfe.com\/privacy-policy\/#breadcrumb","itemListElement":[{"@type":"ListItem","position":1,"name":"Portada","item":"https:\/\/www.toneleriaherfe.com\/"},{"@type":"ListItem","position":2,"name":"Privacy Policy"}]},{"@type":"WebSite","@id":"https:\/\/www.toneleriaherfe.com\/#website","url":"https:\/\/www.toneleriaherfe.com\/","name":"Toneler\u00eda Herfe","description":"Fusionando tradici\u00f3n y modernidad en cada barrica que elaboramos","publisher":{"@id":"https:\/\/www.toneleriaherfe.com\/#organization"},"potentialAction":[{"@type":"SearchAction","target":{"@type":"EntryPoint","urlTemplate":"https:\/\/www.toneleriaherfe.com\/?s={search_term_string}"},"query-input":{"@type":"PropertyValueSpecification","valueRequired":true,"valueName":"search_term_string"}}],"inLanguage":"en-GB"},{"@type":"Organization","@id":"https:\/\/www.toneleriaherfe.com\/#organization","name":"Toneler\u00eda Herfe","url":"https:\/\/www.toneleriaherfe.com\/","logo":{"@type":"ImageObject","inLanguage":"en-GB","@id":"https:\/\/www.toneleriaherfe.com\/#\/schema\/logo\/image\/","url":"https:\/\/www.toneleriaherfe.com\/wp-content\/uploads\/2024\/04\/Logo.svg","contentUrl":"https:\/\/www.toneleriaherfe.com\/wp-content\/uploads\/2024\/04\/Logo.svg","width":67,"height":64,"caption":"Toneler\u00eda Herfe"},"image":{"@id":"https:\/\/www.toneleriaherfe.com\/#\/schema\/logo\/image\/"}}]}},"_links":{"self":[{"href":"https:\/\/www.toneleriaherfe.com\/en\/wp-json\/wp\/v2\/pages\/3","targetHints":{"allow":["GET"]}}],"collection":[{"href":"https:\/\/www.toneleriaherfe.com\/en\/wp-json\/wp\/v2\/pages"}],"about":[{"href":"https:\/\/www.toneleriaherfe.com\/en\/wp-json\/wp\/v2\/types\/page"}],"author":[{"embeddable":true,"href":"https:\/\/www.toneleriaherfe.com\/en\/wp-json\/wp\/v2\/users\/1"}],"replies":[{"embeddable":true,"href":"https:\/\/www.toneleriaherfe.com\/en\/wp-json\/wp\/v2\/comments?post=3"}],"version-history":[{"count":3,"href":"https:\/\/www.toneleriaherfe.com\/en\/wp-json\/wp\/v2\/pages\/3\/revisions"}],"predecessor-version":[{"id":1959,"href":"https:\/\/www.toneleriaherfe.com\/en\/wp-json\/wp\/v2\/pages\/3\/revisions\/1959"}],"wp:attachment":[{"href":"https:\/\/www.toneleriaherfe.com\/en\/wp-json\/wp\/v2\/media?parent=3"}],"curies":[{"name":"wp","href":"https:\/\/api.w.org\/{rel}","templated":true}]}}