
 

{"id":1712,"date":"2024-05-07T08:11:49","date_gmt":"2024-05-07T08:11:49","guid":{"rendered":"https:\/\/www.toneleriaherfe.com\/?page_id=1712"},"modified":"2026-04-22T07:30:35","modified_gmt":"2026-04-22T07:30:35","slug":"conocenos","status":"publish","type":"page","link":"https:\/\/www.toneleriaherfe.com\/fr\/conocenos\/","title":{"rendered":"Nous conna\u00eetre"},"content":{"rendered":"<div data-elementor-type=\"wp-page\" data-elementor-id=\"1712\" class=\"elementor elementor-1712\" data-elementor-post-type=\"page\">\n\t\t\t\t<div class=\"elementor-element elementor-element-5d0421a e-flex e-con-boxed e-con e-parent\" data-id=\"5d0421a\" data-element_type=\"container\" data-e-type=\"container\" data-settings=\"{&quot;background_background&quot;:&quot;classic&quot;}\">\n\t\t\t\t\t<div class=\"e-con-inner\">\n\t\t<div class=\"elementor-element elementor-element-59f7d57 e-con-full e-flex elementor-invisible e-con e-child\" data-id=\"59f7d57\" data-element_type=\"container\" data-e-type=\"container\" data-settings=\"{&quot;animation&quot;:&quot;fadeInUp&quot;}\">\n\t\t\t\t<div class=\"elementor-element elementor-element-d6b1efa elementor-widget elementor-widget-heading\" data-id=\"d6b1efa\" data-element_type=\"widget\" data-e-type=\"widget\" data-widget_type=\"heading.default\">\n\t\t\t\t<div class=\"elementor-widget-container\">\n\t\t\t\t\t<h1 class=\"elementor-heading-title elementor-size-default\">Nuestra empresa<\/h1>\t\t\t\t<\/div>\n\t\t\t\t<\/div>\n\t\t\t\t<\/div>\n\t\t\t\t\t<\/div>\n\t\t\t\t<\/div>\n\t\t<div class=\"elementor-element elementor-element-c639b5b e-flex e-con-boxed e-con e-parent\" data-id=\"c639b5b\" data-element_type=\"container\" data-e-type=\"container\" data-settings=\"{&quot;background_background&quot;:&quot;classic&quot;}\">\n\t\t\t\t\t<div class=\"e-con-inner\">\n\t\t<div class=\"elementor-element elementor-element-c6737e4 e-con-full e-flex e-con e-child\" data-id=\"c6737e4\" data-element_type=\"container\" data-e-type=\"container\">\n\t\t<div class=\"elementor-element elementor-element-4d6ecc9 animated-slow e-flex e-con-boxed elementor-invisible e-con e-child\" data-id=\"4d6ecc9\" data-element_type=\"container\" data-e-type=\"container\" data-settings=\"{&quot;animation&quot;:&quot;fadeIn&quot;}\">\n\t\t\t\t\t<div class=\"e-con-inner\">\n\t\t\t\t<div class=\"elementor-element elementor-element-33ba291 elementor-widget elementor-widget-heading\" data-id=\"33ba291\" data-element_type=\"widget\" data-e-type=\"widget\" data-widget_type=\"heading.default\">\n\t\t\t\t<div class=\"elementor-widget-container\">\n\t\t\t\t\t<h2 class=\"elementor-heading-title elementor-size-default\">Tonnellerie Herfe<\/h2>\t\t\t\t<\/div>\n\t\t\t\t<\/div>\n\t\t\t\t<div class=\"elementor-element elementor-element-d9781eb elementor-widget elementor-widget-heading\" data-id=\"d9781eb\" data-element_type=\"widget\" data-e-type=\"widget\" data-widget_type=\"heading.default\">\n\t\t\t\t<div class=\"elementor-widget-container\">\n\t\t\t\t\t<h3 class=\"elementor-heading-title elementor-size-default\">Toneler\u00eda Herfe una empresa familiar dedicada desde hace m\u00e1s de 30 a\u00f1os a la fabricaci\u00f3n artesanal de barricas de crianza para vinos y destilados.<br>\n<\/p>\nContamos con el conocimiento  y ayuda de nuestros maestros toneleros, respentado nuestra tradici\u00f3n en la fabricaci\u00f3n limitada de barricas, para conseguir alcanzar la m\u00e1xima perfecci\u00f3n que exige el arte de la toneler\u00eda.<br>\n<\/p>\nTrabajamos para todas las Denominaciones de Origen de nuestro mercado nacional y exportamos nuestras barricas a otros continentes.<br>\n<\/p>\nToneler\u00eda Herfe est\u00e1 comprometida con el medio ambiente minimizando la contaminaci\u00f3n y los residuos para contribuir al menor impacto posible. <\/h3>\t\t\t\t<\/div>\n\t\t\t\t<\/div>\n\t\t\t\t\t<\/div>\n\t\t\t\t<\/div>\n\t\t\t\t<\/div>\n\t\t\t\t\t<\/div>\n\t\t\t\t<\/div>\n\t\t<div class=\"elementor-element elementor-element-c723c01 e-flex e-con-boxed e-con e-parent\" data-id=\"c723c01\" data-element_type=\"container\" data-e-type=\"container\">\n\t\t\t\t\t<div class=\"e-con-inner\">\n\t\t<div class=\"elementor-element elementor-element-897f360 e-con-full e-flex e-con e-child\" data-id=\"897f360\" data-element_type=\"container\" data-e-type=\"container\">\n\t\t\t\t<div class=\"elementor-element elementor-element-ea49ee3 elementor-widget elementor-widget-image\" data-id=\"ea49ee3\" data-element_type=\"widget\" data-e-type=\"widget\" data-widget_type=\"image.default\">\n\t\t\t\t<div class=\"elementor-widget-container\">\n\t\t\t\t\t\t\t\t\t\t\t\t\t\t\t<img fetchpriority=\"high\" decoding=\"async\" width=\"549\" height=\"510\" src=\"https:\/\/www.toneleriaherfe.com\/wp-content\/uploads\/2024\/04\/Trazabilidad.png\" class=\"attachment-large size-large wp-image-489\" alt=\"Trazabilidad\" srcset=\"https:\/\/www.toneleriaherfe.com\/wp-content\/uploads\/2024\/04\/Trazabilidad.png 549w, https:\/\/www.toneleriaherfe.com\/wp-content\/uploads\/2024\/04\/Trazabilidad-300x279.png 300w\" sizes=\"(max-width: 549px) 100vw, 549px\" \/>\t\t\t\t\t\t\t\t\t\t\t\t\t\t\t<\/div>\n\t\t\t\t<\/div>\n\t\t\t\t<\/div>\n\t\t<div class=\"elementor-element elementor-element-7331727 e-con-full e-flex e-con e-child\" data-id=\"7331727\" data-element_type=\"container\" data-e-type=\"container\">\n\t\t\t\t<div class=\"elementor-element elementor-element-d7838e8 elementor-widget elementor-widget-image\" data-id=\"d7838e8\" data-element_type=\"widget\" data-e-type=\"widget\" data-widget_type=\"image.default\">\n\t\t\t\t<div class=\"elementor-widget-container\">\n\t\t\t\t\t\t\t\t\t\t\t\t\t\t\t<img decoding=\"async\" width=\"549\" height=\"510\" src=\"https:\/\/www.toneleriaherfe.com\/wp-content\/uploads\/2024\/04\/Roble.png\" class=\"attachment-large size-large wp-image-494\" alt=\"Roble\" srcset=\"https:\/\/www.toneleriaherfe.com\/wp-content\/uploads\/2024\/04\/Roble.png 549w, https:\/\/www.toneleriaherfe.com\/wp-content\/uploads\/2024\/04\/Roble-300x279.png 300w\" sizes=\"(max-width: 549px) 100vw, 549px\" \/>\t\t\t\t\t\t\t\t\t\t\t\t\t\t\t<\/div>\n\t\t\t\t<\/div>\n\t\t\t\t<\/div>\n\t\t\t\t\t<\/div>\n\t\t\t\t<\/div>\n\t\t<div class=\"elementor-element elementor-element-3d2c65e e-flex e-con-boxed e-con e-parent\" data-id=\"3d2c65e\" data-element_type=\"container\" data-e-type=\"container\" data-settings=\"{&quot;background_background&quot;:&quot;classic&quot;}\">\n\t\t\t\t\t<div class=\"e-con-inner\">\n\t\t<div class=\"elementor-element elementor-element-4c77a10 e-con-full e-flex e-con e-child\" data-id=\"4c77a10\" data-element_type=\"container\" data-e-type=\"container\">\n\t\t<div class=\"elementor-element elementor-element-a74d4fa e-grid e-con-full elementor-invisible e-con e-child\" data-id=\"a74d4fa\" data-element_type=\"container\" data-e-type=\"container\" data-settings=\"{&quot;animation&quot;:&quot;fadeInUp&quot;}\">\n\t\t\t\t<div class=\"elementor-element elementor-element-5331357 elementor-widget elementor-widget-image\" data-id=\"5331357\" data-element_type=\"widget\" data-e-type=\"widget\" data-widget_type=\"image.default\">\n\t\t\t\t<div class=\"elementor-widget-container\">\n\t\t\t\t\t\t\t\t\t\t\t\t\t\t\t<img decoding=\"async\" width=\"170\" height=\"79\" src=\"https:\/\/www.toneleriaherfe.com\/wp-content\/uploads\/2024\/04\/Logo-1.svg\" class=\"attachment-large size-large wp-image-386\" alt=\"Logo 1\" \/>\t\t\t\t\t\t\t\t\t\t\t\t\t\t\t<\/div>\n\t\t\t\t<\/div>\n\t\t\t\t<div class=\"elementor-element elementor-element-cc6d467 elementor-widget elementor-widget-image\" data-id=\"cc6d467\" data-element_type=\"widget\" data-e-type=\"widget\" data-widget_type=\"image.default\">\n\t\t\t\t<div class=\"elementor-widget-container\">\n\t\t\t\t\t\t\t\t\t\t\t\t\t\t\t<img loading=\"lazy\" decoding=\"async\" width=\"104\" height=\"85\" src=\"https:\/\/www.toneleriaherfe.com\/wp-content\/uploads\/2024\/04\/Logo-2.svg\" class=\"attachment-large size-large wp-image-384\" alt=\"Logo 2\" \/>\t\t\t\t\t\t\t\t\t\t\t\t\t\t\t<\/div>\n\t\t\t\t<\/div>\n\t\t\t\t<div class=\"elementor-element elementor-element-67b49bf elementor-widget elementor-widget-image\" data-id=\"67b49bf\" data-element_type=\"widget\" data-e-type=\"widget\" data-widget_type=\"image.default\">\n\t\t\t\t<div class=\"elementor-widget-container\">\n\t\t\t\t\t\t\t\t\t\t\t\t\t\t\t<img loading=\"lazy\" decoding=\"async\" width=\"146\" height=\"89\" src=\"https:\/\/www.toneleriaherfe.com\/wp-content\/uploads\/2024\/04\/Logo-3.svg\" class=\"attachment-large size-large wp-image-383\" alt=\"Logo 3\" \/>\t\t\t\t\t\t\t\t\t\t\t\t\t\t\t<\/div>\n\t\t\t\t<\/div>\n\t\t\t\t<div class=\"elementor-element elementor-element-40e8a7d elementor-widget elementor-widget-image\" data-id=\"40e8a7d\" data-element_type=\"widget\" data-e-type=\"widget\" data-widget_type=\"image.default\">\n\t\t\t\t<div class=\"elementor-widget-container\">\n\t\t\t\t\t\t\t\t\t\t\t\t\t\t\t<img loading=\"lazy\" decoding=\"async\" width=\"198\" height=\"83\" src=\"https:\/\/www.toneleriaherfe.com\/wp-content\/uploads\/2024\/04\/Region-de-Murcia.svg\" class=\"attachment-large size-large wp-image-382\" alt=\"Regi\u00f3n de Murcia\" \/>\t\t\t\t\t\t\t\t\t\t\t\t\t\t\t<\/div>\n\t\t\t\t<\/div>\n\t\t\t\t<\/div>\n\t\t\t\t<\/div>\n\t\t\t\t\t<\/div>\n\t\t\t\t<\/div>\n\t\t\t\t<\/div>","protected":false},"excerpt":{"rendered":"<p>Nuestra empresa Toneler\u00eda Herfe Toneler\u00eda Herfe una empresa familiar dedicada desde hace m\u00e1s de 30 a\u00f1os a la fabricaci\u00f3n artesanal de barricas de crianza para vinos y destilados. Contamos con el conocimiento y ayuda de nuestros maestros toneleros, respentado nuestra tradici\u00f3n en la fabricaci\u00f3n limitada de barricas, para conseguir alcanzar la m\u00e1xima perfecci\u00f3n que exige [&hellip;]<\/p>","protected":false},"author":2,"featured_media":0,"parent":0,"menu_order":0,"comment_status":"closed","ping_status":"closed","template":"elementor_header_footer","meta":{"_acf_changed":false,"footnotes":""},"class_list":["post-1712","page","type-page","status-publish","hentry"],"acf":[],"yoast_head":"<!-- This site is optimized with the Yoast SEO plugin v27.4 - https:\/\/yoast.com\/product\/yoast-seo-wordpress\/ -->\n<title>Con\u00f3cenos - Toneler\u00eda Herfe<\/title>\n<meta name=\"robots\" content=\"index, follow, max-snippet:-1, max-image-preview:large, max-video-preview:-1\" \/>\n<link rel=\"canonical\" href=\"https:\/\/www.toneleriaherfe.com\/fr\/conocenos\/\" \/>\n<meta property=\"og:locale\" content=\"fr_FR\" \/>\n<meta property=\"og:type\" content=\"article\" \/>\n<meta property=\"og:title\" content=\"Con\u00f3cenos - Toneler\u00eda Herfe\" \/>\n<meta property=\"og:description\" content=\"Nuestra empresa Toneler\u00eda Herfe Toneler\u00eda Herfe una empresa familiar dedicada desde hace m\u00e1s de 30 a\u00f1os a la fabricaci\u00f3n artesanal de barricas de crianza para vinos y destilados. Contamos con el conocimiento y ayuda de nuestros maestros toneleros, respentado nuestra tradici\u00f3n en la fabricaci\u00f3n limitada de barricas, para conseguir alcanzar la m\u00e1xima perfecci\u00f3n que exige [&hellip;]\" \/>\n<meta property=\"og:url\" content=\"https:\/\/www.toneleriaherfe.com\/fr\/conocenos\/\" \/>\n<meta property=\"og:site_name\" content=\"Toneler\u00eda Herfe\" \/>\n<meta property=\"article:modified_time\" content=\"2026-04-22T07:30:35+00:00\" \/>\n<meta property=\"og:image\" content=\"https:\/\/www.toneleriaherfe.com\/wp-content\/uploads\/2024\/04\/Trazabilidad.png\" \/>\n\t<meta property=\"og:image:width\" content=\"549\" \/>\n\t<meta property=\"og:image:height\" content=\"510\" \/>\n\t<meta property=\"og:image:type\" content=\"image\/png\" \/>\n<meta name=\"twitter:card\" content=\"summary_large_image\" \/>\n<meta name=\"twitter:label1\" content=\"Dur\u00e9e de lecture estim\u00e9e\" \/>\n\t<meta name=\"twitter:data1\" content=\"2 minutes\" \/>\n<script type=\"application\/ld+json\" class=\"yoast-schema-graph\">{\"@context\":\"https:\\\/\\\/schema.org\",\"@graph\":[{\"@type\":\"WebPage\",\"@id\":\"https:\\\/\\\/www.toneleriaherfe.com\\\/conocenos\\\/\",\"url\":\"https:\\\/\\\/www.toneleriaherfe.com\\\/conocenos\\\/\",\"name\":\"Con\u00f3cenos - Toneler\u00eda Herfe\",\"isPartOf\":{\"@id\":\"https:\\\/\\\/www.toneleriaherfe.com\\\/#website\"},\"primaryImageOfPage\":{\"@id\":\"https:\\\/\\\/www.toneleriaherfe.com\\\/conocenos\\\/#primaryimage\"},\"image\":{\"@id\":\"https:\\\/\\\/www.toneleriaherfe.com\\\/conocenos\\\/#primaryimage\"},\"thumbnailUrl\":\"https:\\\/\\\/www.toneleriaherfe.com\\\/wp-content\\\/uploads\\\/2024\\\/04\\\/Trazabilidad.png\",\"datePublished\":\"2024-05-07T08:11:49+00:00\",\"dateModified\":\"2026-04-22T07:30:35+00:00\",\"breadcrumb\":{\"@id\":\"https:\\\/\\\/www.toneleriaherfe.com\\\/conocenos\\\/#breadcrumb\"},\"inLanguage\":\"fr-FR\",\"potentialAction\":[{\"@type\":\"ReadAction\",\"target\":[\"https:\\\/\\\/www.toneleriaherfe.com\\\/conocenos\\\/\"]}]},{\"@type\":\"ImageObject\",\"inLanguage\":\"fr-FR\",\"@id\":\"https:\\\/\\\/www.toneleriaherfe.com\\\/conocenos\\\/#primaryimage\",\"url\":\"https:\\\/\\\/www.toneleriaherfe.com\\\/wp-content\\\/uploads\\\/2024\\\/04\\\/Trazabilidad.png\",\"contentUrl\":\"https:\\\/\\\/www.toneleriaherfe.com\\\/wp-content\\\/uploads\\\/2024\\\/04\\\/Trazabilidad.png\"},{\"@type\":\"BreadcrumbList\",\"@id\":\"https:\\\/\\\/www.toneleriaherfe.com\\\/conocenos\\\/#breadcrumb\",\"itemListElement\":[{\"@type\":\"ListItem\",\"position\":1,\"name\":\"Portada\",\"item\":\"https:\\\/\\\/www.toneleriaherfe.com\\\/\"},{\"@type\":\"ListItem\",\"position\":2,\"name\":\"Con\u00f3cenos\"}]},{\"@type\":\"WebSite\",\"@id\":\"https:\\\/\\\/www.toneleriaherfe.com\\\/#website\",\"url\":\"https:\\\/\\\/www.toneleriaherfe.com\\\/\",\"name\":\"Toneler\u00eda Herfe\",\"description\":\"Fusionando tradici\u00f3n y modernidad en cada barrica que elaboramos\",\"publisher\":{\"@id\":\"https:\\\/\\\/www.toneleriaherfe.com\\\/#organization\"},\"potentialAction\":[{\"@type\":\"SearchAction\",\"target\":{\"@type\":\"EntryPoint\",\"urlTemplate\":\"https:\\\/\\\/www.toneleriaherfe.com\\\/?s={search_term_string}\"},\"query-input\":{\"@type\":\"PropertyValueSpecification\",\"valueRequired\":true,\"valueName\":\"search_term_string\"}}],\"inLanguage\":\"fr-FR\"},{\"@type\":\"Organization\",\"@id\":\"https:\\\/\\\/www.toneleriaherfe.com\\\/#organization\",\"name\":\"Toneler\u00eda Herfe\",\"url\":\"https:\\\/\\\/www.toneleriaherfe.com\\\/\",\"logo\":{\"@type\":\"ImageObject\",\"inLanguage\":\"fr-FR\",\"@id\":\"https:\\\/\\\/www.toneleriaherfe.com\\\/#\\\/schema\\\/logo\\\/image\\\/\",\"url\":\"https:\\\/\\\/www.toneleriaherfe.com\\\/wp-content\\\/uploads\\\/2024\\\/04\\\/Logo.svg\",\"contentUrl\":\"https:\\\/\\\/www.toneleriaherfe.com\\\/wp-content\\\/uploads\\\/2024\\\/04\\\/Logo.svg\",\"width\":67,\"height\":64,\"caption\":\"Toneler\u00eda Herfe\"},\"image\":{\"@id\":\"https:\\\/\\\/www.toneleriaherfe.com\\\/#\\\/schema\\\/logo\\\/image\\\/\"}}]}<\/script>\n<!-- \/ Yoast SEO plugin. -->","yoast_head_json":{"title":"Con\u00f3cenos - Toneler\u00eda Herfe","robots":{"index":"index","follow":"follow","max-snippet":"max-snippet:-1","max-image-preview":"max-image-preview:large","max-video-preview":"max-video-preview:-1"},"canonical":"https:\/\/www.toneleriaherfe.com\/fr\/conocenos\/","og_locale":"fr_FR","og_type":"article","og_title":"Con\u00f3cenos - Toneler\u00eda Herfe","og_description":"Nuestra empresa Toneler\u00eda Herfe Toneler\u00eda Herfe una empresa familiar dedicada desde hace m\u00e1s de 30 a\u00f1os a la fabricaci\u00f3n artesanal de barricas de crianza para vinos y destilados. Contamos con el conocimiento y ayuda de nuestros maestros toneleros, respentado nuestra tradici\u00f3n en la fabricaci\u00f3n limitada de barricas, para conseguir alcanzar la m\u00e1xima perfecci\u00f3n que exige [&hellip;]","og_url":"https:\/\/www.toneleriaherfe.com\/fr\/conocenos\/","og_site_name":"Toneler\u00eda Herfe","article_modified_time":"2026-04-22T07:30:35+00:00","og_image":[{"width":549,"height":510,"url":"https:\/\/www.toneleriaherfe.com\/wp-content\/uploads\/2024\/04\/Trazabilidad.png","type":"image\/png"}],"twitter_card":"summary_large_image","twitter_misc":{"Dur\u00e9e de lecture estim\u00e9e":"2 minutes"},"schema":{"@context":"https:\/\/schema.org","@graph":[{"@type":"WebPage","@id":"https:\/\/www.toneleriaherfe.com\/conocenos\/","url":"https:\/\/www.toneleriaherfe.com\/conocenos\/","name":"Con\u00f3cenos - Toneler\u00eda Herfe","isPartOf":{"@id":"https:\/\/www.toneleriaherfe.com\/#website"},"primaryImageOfPage":{"@id":"https:\/\/www.toneleriaherfe.com\/conocenos\/#primaryimage"},"image":{"@id":"https:\/\/www.toneleriaherfe.com\/conocenos\/#primaryimage"},"thumbnailUrl":"https:\/\/www.toneleriaherfe.com\/wp-content\/uploads\/2024\/04\/Trazabilidad.png","datePublished":"2024-05-07T08:11:49+00:00","dateModified":"2026-04-22T07:30:35+00:00","breadcrumb":{"@id":"https:\/\/www.toneleriaherfe.com\/conocenos\/#breadcrumb"},"inLanguage":"fr-FR","potentialAction":[{"@type":"ReadAction","target":["https:\/\/www.toneleriaherfe.com\/conocenos\/"]}]},{"@type":"ImageObject","inLanguage":"fr-FR","@id":"https:\/\/www.toneleriaherfe.com\/conocenos\/#primaryimage","url":"https:\/\/www.toneleriaherfe.com\/wp-content\/uploads\/2024\/04\/Trazabilidad.png","contentUrl":"https:\/\/www.toneleriaherfe.com\/wp-content\/uploads\/2024\/04\/Trazabilidad.png"},{"@type":"BreadcrumbList","@id":"https:\/\/www.toneleriaherfe.com\/conocenos\/#breadcrumb","itemListElement":[{"@type":"ListItem","position":1,"name":"Portada","item":"https:\/\/www.toneleriaherfe.com\/"},{"@type":"ListItem","position":2,"name":"Con\u00f3cenos"}]},{"@type":"WebSite","@id":"https:\/\/www.toneleriaherfe.com\/#website","url":"https:\/\/www.toneleriaherfe.com\/","name":"Toneler\u00eda Herfe","description":"Fusionando tradici\u00f3n y modernidad en cada barrica que elaboramos","publisher":{"@id":"https:\/\/www.toneleriaherfe.com\/#organization"},"potentialAction":[{"@type":"SearchAction","target":{"@type":"EntryPoint","urlTemplate":"https:\/\/www.toneleriaherfe.com\/?s={search_term_string}"},"query-input":{"@type":"PropertyValueSpecification","valueRequired":true,"valueName":"search_term_string"}}],"inLanguage":"fr-FR"},{"@type":"Organization","@id":"https:\/\/www.toneleriaherfe.com\/#organization","name":"Toneler\u00eda Herfe","url":"https:\/\/www.toneleriaherfe.com\/","logo":{"@type":"ImageObject","inLanguage":"fr-FR","@id":"https:\/\/www.toneleriaherfe.com\/#\/schema\/logo\/image\/","url":"https:\/\/www.toneleriaherfe.com\/wp-content\/uploads\/2024\/04\/Logo.svg","contentUrl":"https:\/\/www.toneleriaherfe.com\/wp-content\/uploads\/2024\/04\/Logo.svg","width":67,"height":64,"caption":"Toneler\u00eda Herfe"},"image":{"@id":"https:\/\/www.toneleriaherfe.com\/#\/schema\/logo\/image\/"}}]}},"_links":{"self":[{"href":"https:\/\/www.toneleriaherfe.com\/fr\/wp-json\/wp\/v2\/pages\/1712","targetHints":{"allow":["GET"]}}],"collection":[{"href":"https:\/\/www.toneleriaherfe.com\/fr\/wp-json\/wp\/v2\/pages"}],"about":[{"href":"https:\/\/www.toneleriaherfe.com\/fr\/wp-json\/wp\/v2\/types\/page"}],"author":[{"embeddable":true,"href":"https:\/\/www.toneleriaherfe.com\/fr\/wp-json\/wp\/v2\/users\/2"}],"replies":[{"embeddable":true,"href":"https:\/\/www.toneleriaherfe.com\/fr\/wp-json\/wp\/v2\/comments?post=1712"}],"version-history":[{"count":32,"href":"https:\/\/www.toneleriaherfe.com\/fr\/wp-json\/wp\/v2\/pages\/1712\/revisions"}],"predecessor-version":[{"id":2214,"href":"https:\/\/www.toneleriaherfe.com\/fr\/wp-json\/wp\/v2\/pages\/1712\/revisions\/2214"}],"wp:attachment":[{"href":"https:\/\/www.toneleriaherfe.com\/fr\/wp-json\/wp\/v2\/media?parent=1712"}],"curies":[{"name":"wp","href":"https:\/\/api.w.org\/{rel}","templated":true}]}}